{"id":928,"date":"2023-01-12T23:54:40","date_gmt":"2023-01-12T23:54:40","guid":{"rendered":"https:\/\/casadooriente.com.br\/?page_id=928"},"modified":"2023-03-26T22:09:16","modified_gmt":"2023-03-26T22:09:16","slug":"curso-astrologicos","status":"publish","type":"page","link":"https:\/\/casadooriente.com.br\/?page_id=928","title":{"rendered":""},"content":{"rendered":"\t\t<div data-elementor-type=\"wp-page\" data-elementor-id=\"928\" class=\"elementor elementor-928\">\n\t\t\t\t\t\t<section class=\"elementor-section elementor-top-section elementor-element elementor-element-e2c43f7 elementor-section-boxed elementor-section-height-default elementor-section-height-default\" data-id=\"e2c43f7\" data-element_type=\"section\" data-e-type=\"section\">\n\t\t\t\t\t\t<div class=\"elementor-container elementor-column-gap-default\">\n\t\t\t\t\t<div class=\"elementor-column elementor-col-100 elementor-top-column elementor-element elementor-element-e3a1f91\" data-id=\"e3a1f91\" data-element_type=\"column\" data-e-type=\"column\">\n\t\t\t<div class=\"elementor-widget-wrap elementor-element-populated\">\n\t\t\t\t\t\t<div class=\"elementor-element elementor-element-2ae043a elementor-widget elementor-widget-heading\" data-id=\"2ae043a\" data-element_type=\"widget\" data-e-type=\"widget\" data-widget_type=\"heading.default\">\n\t\t\t\t<div class=\"elementor-widget-container\">\n\t\t\t\t\t<h2 class=\"elementor-heading-title elementor-size-default\">Astro-L\u00f3gicos<\/h2>\t\t\t\t<\/div>\n\t\t\t\t<\/div>\n\t\t\t\t\t<\/div>\n\t\t<\/div>\n\t\t\t\t\t<\/div>\n\t\t<\/section>\n\t\t\t\t<section class=\"elementor-section elementor-top-section elementor-element elementor-element-03425c8 elementor-section-boxed elementor-section-height-default elementor-section-height-default\" data-id=\"03425c8\" data-element_type=\"section\" data-e-type=\"section\">\n\t\t\t\t\t\t<div class=\"elementor-container elementor-column-gap-default\">\n\t\t\t\t\t<div class=\"elementor-column elementor-col-100 elementor-top-column elementor-element elementor-element-3c9ef32\" data-id=\"3c9ef32\" data-element_type=\"column\" data-e-type=\"column\">\n\t\t\t<div class=\"elementor-widget-wrap elementor-element-populated\">\n\t\t\t\t\t\t<div class=\"elementor-element elementor-element-b7d834b elementor-widget elementor-widget-image\" data-id=\"b7d834b\" data-element_type=\"widget\" data-e-type=\"widget\" data-widget_type=\"image.default\">\n\t\t\t\t<div class=\"elementor-widget-container\">\n\t\t\t\t\t\t\t\t\t\t\t\t\t\t\t<img fetchpriority=\"high\" decoding=\"async\" width=\"300\" height=\"300\" src=\"https:\/\/casadooriente.com.br\/wp-content\/uploads\/2023\/01\/WhatsApp-Image-2022-12-30-at-18.59.17-300x300.jpeg\" class=\"attachment-medium size-medium wp-image-926\" alt=\"\" srcset=\"https:\/\/casadooriente.com.br\/wp-content\/uploads\/2023\/01\/WhatsApp-Image-2022-12-30-at-18.59.17-300x300.jpeg 300w, https:\/\/casadooriente.com.br\/wp-content\/uploads\/2023\/01\/WhatsApp-Image-2022-12-30-at-18.59.17-1024x1024.jpeg 1024w, https:\/\/casadooriente.com.br\/wp-content\/uploads\/2023\/01\/WhatsApp-Image-2022-12-30-at-18.59.17-150x150.jpeg 150w, https:\/\/casadooriente.com.br\/wp-content\/uploads\/2023\/01\/WhatsApp-Image-2022-12-30-at-18.59.17-768x768.jpeg 768w, https:\/\/casadooriente.com.br\/wp-content\/uploads\/2023\/01\/WhatsApp-Image-2022-12-30-at-18.59.17.jpeg 1280w\" sizes=\"(max-width: 300px) 100vw, 300px\" \/>\t\t\t\t\t\t\t\t\t\t\t\t\t\t\t<\/div>\n\t\t\t\t<\/div>\n\t\t\t\t\t<\/div>\n\t\t<\/div>\n\t\t\t\t\t<\/div>\n\t\t<\/section>\n\t\t\t\t<section class=\"elementor-section elementor-top-section elementor-element elementor-element-e6a855a elementor-section-boxed elementor-section-height-default elementor-section-height-default\" data-id=\"e6a855a\" data-element_type=\"section\" data-e-type=\"section\">\n\t\t\t\t\t\t<div class=\"elementor-container elementor-column-gap-default\">\n\t\t\t\t\t<div class=\"elementor-column elementor-col-100 elementor-top-column elementor-element elementor-element-411b05b\" data-id=\"411b05b\" data-element_type=\"column\" data-e-type=\"column\">\n\t\t\t<div class=\"elementor-widget-wrap elementor-element-populated\">\n\t\t\t\t\t\t<div class=\"elementor-element elementor-element-b59d084 elementor-button-warning elementor-align-center elementor-widget elementor-widget-button\" data-id=\"b59d084\" data-element_type=\"widget\" data-e-type=\"widget\" data-widget_type=\"button.default\">\n\t\t\t\t<div class=\"elementor-widget-container\">\n\t\t\t\t\t\t\t\t\t<div class=\"elementor-button-wrapper\">\n\t\t\t\t\t<a class=\"elementor-button elementor-button-link elementor-size-xl\" href=\"https:\/\/pag.ae\/7Z8KiAtSa\">\n\t\t\t\t\t\t<span class=\"elementor-button-content-wrapper\">\n\t\t\t\t\t\t\t\t\t<span class=\"elementor-button-text\">\u0950   Clique aqui para fazer sua Inscri\u00e7\u00e3o!!!   \u0950<\/span>\n\t\t\t\t\t<\/span>\n\t\t\t\t\t<\/a>\n\t\t\t\t<\/div>\n\t\t\t\t\t\t\t\t<\/div>\n\t\t\t\t<\/div>\n\t\t\t\t\t<\/div>\n\t\t<\/div>\n\t\t\t\t\t<\/div>\n\t\t<\/section>\n\t\t\t\t<section class=\"elementor-section elementor-top-section elementor-element elementor-element-68d50ca elementor-section-boxed elementor-section-height-default elementor-section-height-default\" data-id=\"68d50ca\" data-element_type=\"section\" data-e-type=\"section\">\n\t\t\t\t\t\t<div class=\"elementor-container elementor-column-gap-default\">\n\t\t\t\t\t<div class=\"elementor-column elementor-col-100 elementor-top-column elementor-element elementor-element-cc8207a\" data-id=\"cc8207a\" data-element_type=\"column\" data-e-type=\"column\">\n\t\t\t<div class=\"elementor-widget-wrap elementor-element-populated\">\n\t\t\t\t\t\t<div class=\"elementor-element elementor-element-8c7edff elementor-widget elementor-widget-image\" data-id=\"8c7edff\" data-element_type=\"widget\" data-e-type=\"widget\" data-widget_type=\"image.default\">\n\t\t\t\t<div class=\"elementor-widget-container\">\n\t\t\t\t\t\t\t\t\t\t\t\t\t\t\t\t<a href=\"http:\/\/api.whatsapp.com\/send?1=pt_BR&#038;phone=5551982492000\">\n\t\t\t\t\t\t\t<img decoding=\"async\" width=\"768\" height=\"61\" src=\"https:\/\/casadooriente.com.br\/wp-content\/uploads\/2023\/03\/CLIQUEAQUI02-1-768x61.png\" class=\"attachment-medium_large size-medium_large wp-image-1096\" alt=\"\" srcset=\"https:\/\/casadooriente.com.br\/wp-content\/uploads\/2023\/03\/CLIQUEAQUI02-1-768x61.png 768w, https:\/\/casadooriente.com.br\/wp-content\/uploads\/2023\/03\/CLIQUEAQUI02-1-300x24.png 300w, https:\/\/casadooriente.com.br\/wp-content\/uploads\/2023\/03\/CLIQUEAQUI02-1-1024x82.png 1024w, https:\/\/casadooriente.com.br\/wp-content\/uploads\/2023\/03\/CLIQUEAQUI02-1-1536x123.png 1536w, https:\/\/casadooriente.com.br\/wp-content\/uploads\/2023\/03\/CLIQUEAQUI02-1-2048x164.png 2048w, https:\/\/casadooriente.com.br\/wp-content\/uploads\/2023\/03\/CLIQUEAQUI02-1-1140x91.png 1140w\" sizes=\"(max-width: 768px) 100vw, 768px\" \/>\t\t\t\t\t\t\t\t<\/a>\n\t\t\t\t\t\t\t\t\t\t\t\t\t\t\t<\/div>\n\t\t\t\t<\/div>\n\t\t\t\t\t<\/div>\n\t\t<\/div>\n\t\t\t\t\t<\/div>\n\t\t<\/section>\n\t\t\t\t<section class=\"elementor-section elementor-top-section elementor-element elementor-element-a3623de elementor-section-boxed elementor-section-height-default elementor-section-height-default\" data-id=\"a3623de\" data-element_type=\"section\" data-e-type=\"section\">\n\t\t\t\t\t\t<div class=\"elementor-container elementor-column-gap-default\">\n\t\t\t\t\t<div class=\"elementor-column elementor-col-100 elementor-top-column elementor-element elementor-element-3f1cd63\" data-id=\"3f1cd63\" data-element_type=\"column\" data-e-type=\"column\">\n\t\t\t<div class=\"elementor-widget-wrap elementor-element-populated\">\n\t\t\t\t\t\t<div class=\"elementor-element elementor-element-8fc33e7 elementor-widget elementor-widget-text-editor\" data-id=\"8fc33e7\" data-element_type=\"widget\" data-e-type=\"widget\" data-widget_type=\"text-editor.default\">\n\t\t\t\t<div class=\"elementor-widget-container\">\n\t\t\t\t\t\t\t\t\t<p>ASTRO-L\u00d3GICOS<\/p>\n<p><span style=\"font-family: var( --e-global-typography-text-font-family ), Sans-serif; font-weight: var( --e-global-typography-text-font-weight ); letter-spacing: 0px;\">Um programa de estudos online e ao vivo para te firmar no caminho do autoconhecimento com Astrologia V\u00e9dica, Yoga e Ayurveda.<br><\/span><span style=\"font-family: var( --e-global-typography-text-font-family ), Sans-serif; font-weight: var( --e-global-typography-text-font-weight ); letter-spacing: 0px;\">Voc\u00ea vai estudar o seu pr\u00f3prio Mapa Astral V\u00e9dico, revelando padr\u00f5es k\u00e1rmicos nos relacionamentos, trabalho, estudos, espiritualidade, criatividade, viagens e muito mais.<\/span><\/p><p><span style=\"font-family: var( --e-global-typography-text-font-family ), Sans-serif; font-weight: var( --e-global-typography-text-font-weight ); letter-spacing: 0px;\">Cada \u00e1rea est\u00e1 banhada com determinadas energias, que podem ser favor\u00e1veis ou desafiadoras.<br><\/span><span style=\"font-family: var( --e-global-typography-text-font-family ), Sans-serif; font-weight: var( --e-global-typography-text-font-weight ); letter-spacing: 0px;\">Com o conhecimento do seu Mapa Astral V\u00e9dico \u00e9 poss\u00edvel identificar e reconhecer as suas potencialidades e as debilidades a serem superadas.<br><\/span><span style=\"font-family: var( --e-global-typography-text-font-family ), Sans-serif; font-weight: var( --e-global-typography-text-font-weight ); letter-spacing: 0px;\">Podemos identificar os fluxos de consci\u00eancias mais ativos em cada per\u00edodo da vida, do ano, do m\u00eas.<\/span><\/p>\n<p><\/p>\n<p>A filosofia e os mitos que embasam esse estudo possuem car\u00e1ter terap\u00eautico, ouvir sobre essa tradi\u00e7\u00e3o tamb\u00e9m \u00e9 um trabalho de cura interna e liberta\u00e7\u00e3o. O que \u00e9 destino e onde est\u00e1 meu livre-arb\u00edtrio?<\/p>\n<p><\/p>\n<p>\u201cA vida \u00e9 uma combina\u00e7\u00e3o de destino e livre-arb\u00edtrio. A chuva \u00e9 o destino, a possibilidade de se molhar ou n\u00e3o, \u00e9 sua\u201d. Sri Sri Ravi Shankar.<\/p>\n<p><\/p>\n<p>Atividades extras<br><span style=\"font-family: var( --e-global-typography-text-font-family ), Sans-serif; font-weight: var( --e-global-typography-text-font-weight ); letter-spacing: 0px;\">&#8211; Durante o per\u00edodo de vig\u00eancia do grupo de estudos teremos um Sadhana, uma pr\u00e1tica curta de Yoga para manter mente e corpo saud\u00e1veis e harmonizados, auxiliando no estudo e a absor\u00e7\u00e3o do conhecimento.<br><\/span><span style=\"font-family: var( --e-global-typography-text-font-family ), Sans-serif; font-weight: var( --e-global-typography-text-font-weight ); letter-spacing: 0px;\">&#8211; Faremos juntos um Detox Ayurv\u00e9dico suave de 24 horas, com a mesma finalidade de nos prepararmos para as revela\u00e7\u00f5es que surgir\u00e3o nas semanas seguintes.<\/span><\/p>\n<p><\/p>\n<p>Com o corpo e a mente em equil\u00edbrio a luz do conhecimento pode brilhar.<\/p>\n<p><\/p>\n<p>Calend\u00e1rio<br><span style=\"font-family: var( --e-global-typography-text-font-family ), Sans-serif; font-weight: var( --e-global-typography-text-font-weight ); letter-spacing: 0px;\">O programa ter\u00e1 07 encontros online e ao vivo nas seguintes datas:<\/span><\/p>\n<p><\/p>\n<p>&#8211; 23 de fevereiro.<\/p>\n<p><\/p>\n<p>&#8211; 09 e 23 de mar\u00e7o.<\/p>\n<p><\/p>\n<p>&#8211; 06 e 20 de abril.<\/p>\n<p><\/p>\n<p>&#8211; 04 e 18 de maio.<\/p>\n<p><\/p>\n<p>&#8211; Quintas-feiras das 18:30 \u00e0s 20 h.<\/p>\n<p><\/p>\n<p>&#8211; Todas as aulas ficar\u00e3o gravadas.<\/p>\n<p><\/p>\n<p>A Astrologia V\u00e9dica possui ferramentas muito precisas para uma investiga\u00e7\u00e3o mais profunda do Ser Humano, o que leva a identificar padr\u00f5es de pensamentos, emo\u00e7\u00f5es e comportamentos, que muitas vezes precisam ser ajustados, para te alinhar com quem realmente voc\u00ea \u00e9 e com seus verdadeiros desejos.<\/p>\n<p><\/p>\n<p>As suas pot\u00eancias ser\u00e3o reveladas, elevando a sua autoconfian\u00e7a e clareza para decis\u00f5es e escolhas mais assertivas e para uma vida mais satisfat\u00f3ria.<\/p>\n<p><\/p>\n<p>\u201cO livre-arb\u00edtrio \u00e9 a capacidade de fazer com alegria aquilo que eu devo fazer\u201d. Carl Jung.<\/p>\n<p><\/p>\n<p>Investimento<\/p>\n<p><\/p>\n<p>&#8211; \u00c0 vista 396 reais.<\/p>\n<p><\/p>\n<p>&#8211; Parcelado com cart\u00e3o de cr\u00e9dito em at\u00e9 10 x.<\/p>\n<p><\/p>\n<p>&#8211; Parcelado por Pix 4 x 108 reais.<\/p>\n<p><\/p>\n<p>Estudar Astrologia V\u00e9dica auxilia nessa dimens\u00e3o material e ao mesmo tempo \u00e9 um caminho que leva para as sutilizas da espiritualidade.<\/p>\n<p><\/p>\n<p>&nbsp; &nbsp; &nbsp; &nbsp; &nbsp;\u201cPor que Deus deu ent\u00e3o o livre-arb\u00edtrio? Porque o livre-arb\u00edtrio, apesar de tornar o mal poss\u00edvel, \u00e9 tamb\u00e9m \u00e0 \u00fanica coisa que faz com que todo amor, bondade ou alegria valham a pena. Um mundo de aut\u00f4matos, de criaturas que trabalhassem como m\u00e1quinas, n\u00e3o valeria a pena ser criado\u201d. C. S. Lewis.<\/p>\n<p><\/p>\n<p>&nbsp;Come\u00e7amos juntos e o c\u00e9u \u00e9 o limite.<\/p>\n<p><\/p>\n<p>&nbsp;Inscri\u00e7\u00f5es pelo WhasApp da Escola 51 982492000.<\/p>\t\t\t\t\t\t\t\t<\/div>\n\t\t\t\t<\/div>\n\t\t\t\t\t<\/div>\n\t\t<\/div>\n\t\t\t\t\t<\/div>\n\t\t<\/section>\n\t\t\t\t<section class=\"elementor-section elementor-top-section elementor-element elementor-element-ed23fbb elementor-section-boxed elementor-section-height-default elementor-section-height-default\" data-id=\"ed23fbb\" data-element_type=\"section\" data-e-type=\"section\">\n\t\t\t\t\t\t<div class=\"elementor-container elementor-column-gap-default\">\n\t\t\t\t\t<div class=\"elementor-column elementor-col-100 elementor-top-column elementor-element elementor-element-5586426\" data-id=\"5586426\" data-element_type=\"column\" data-e-type=\"column\">\n\t\t\t<div class=\"elementor-widget-wrap elementor-element-populated\">\n\t\t\t\t\t\t<div class=\"elementor-element elementor-element-920866d elementor-widget elementor-widget-image\" data-id=\"920866d\" data-element_type=\"widget\" data-e-type=\"widget\" data-widget_type=\"image.default\">\n\t\t\t\t<div class=\"elementor-widget-container\">\n\t\t\t\t\t\t\t\t\t\t\t\t\t\t\t\t<a href=\"http:\/\/api.whatsapp.com\/send?1=pt_BR&#038;phone=5551982492000\">\n\t\t\t\t\t\t\t<img decoding=\"async\" width=\"768\" height=\"61\" src=\"https:\/\/casadooriente.com.br\/wp-content\/uploads\/2023\/03\/CLIQUEAQUI02-1-768x61.png\" class=\"attachment-medium_large size-medium_large wp-image-1096\" alt=\"\" srcset=\"https:\/\/casadooriente.com.br\/wp-content\/uploads\/2023\/03\/CLIQUEAQUI02-1-768x61.png 768w, https:\/\/casadooriente.com.br\/wp-content\/uploads\/2023\/03\/CLIQUEAQUI02-1-300x24.png 300w, https:\/\/casadooriente.com.br\/wp-content\/uploads\/2023\/03\/CLIQUEAQUI02-1-1024x82.png 1024w, https:\/\/casadooriente.com.br\/wp-content\/uploads\/2023\/03\/CLIQUEAQUI02-1-1536x123.png 1536w, https:\/\/casadooriente.com.br\/wp-content\/uploads\/2023\/03\/CLIQUEAQUI02-1-2048x164.png 2048w, https:\/\/casadooriente.com.br\/wp-content\/uploads\/2023\/03\/CLIQUEAQUI02-1-1140x91.png 1140w\" sizes=\"(max-width: 768px) 100vw, 768px\" \/>\t\t\t\t\t\t\t\t<\/a>\n\t\t\t\t\t\t\t\t\t\t\t\t\t\t\t<\/div>\n\t\t\t\t<\/div>\n\t\t\t\t\t<\/div>\n\t\t<\/div>\n\t\t\t\t\t<\/div>\n\t\t<\/section>\n\t\t\t\t<\/div>\n\t\t","protected":false},"excerpt":{"rendered":"<p>Astro-L\u00f3gicos \u0950 Clique aqui para fazer sua Inscri\u00e7\u00e3o!!! \u0950 ASTRO-L\u00d3GICOS Um programa de estudos online e ao vivo para te firmar no caminho do autoconhecimento com Astrologia V\u00e9dica, Yoga e Ayurveda.Voc\u00ea vai estudar o seu pr\u00f3prio Mapa Astral V\u00e9dico, revelando padr\u00f5es k\u00e1rmicos nos relacionamentos, trabalho, estudos, espiritualidade, criatividade, viagens e muito mais. Cada \u00e1rea est\u00e1 banhada com determinadas energias, que podem ser favor\u00e1veis ou desafiadoras.Com o conhecimento do seu Mapa Astral V\u00e9dico \u00e9 poss\u00edvel identificar e reconhecer as suas potencialidades e as debilidades a serem superadas.Podemos identificar os fluxos de consci\u00eancias mais ativos em cada per\u00edodo da vida, do ano, do m\u00eas. A filosofia e os mitos que embasam esse estudo possuem car\u00e1ter terap\u00eautico, ouvir sobre essa tradi\u00e7\u00e3o tamb\u00e9m \u00e9 um trabalho de cura interna e liberta\u00e7\u00e3o. O que \u00e9 destino e onde est\u00e1 meu livre-arb\u00edtrio? \u201cA vida \u00e9 uma combina\u00e7\u00e3o de destino e livre-arb\u00edtrio. A chuva \u00e9 o destino, a possibilidade de se molhar ou n\u00e3o, \u00e9 sua\u201d. Sri Sri Ravi Shankar. Atividades extras&#8211; Durante o per\u00edodo de vig\u00eancia do grupo de estudos teremos um Sadhana, uma pr\u00e1tica curta de Yoga para manter mente e corpo saud\u00e1veis e harmonizados, auxiliando no estudo e a absor\u00e7\u00e3o do conhecimento.&#8211; Faremos juntos um Detox Ayurv\u00e9dico suave de 24 horas, com a mesma finalidade de nos prepararmos para as revela\u00e7\u00f5es que surgir\u00e3o nas semanas seguintes. Com o corpo e a mente em equil\u00edbrio a luz do conhecimento pode brilhar. Calend\u00e1rioO programa ter\u00e1 07 encontros online e ao vivo nas seguintes datas: &#8211; 23 de fevereiro. &#8211; 09 e 23 de mar\u00e7o. &#8211; 06 e 20 de abril. &#8211; 04 e 18 de maio. &#8211; Quintas-feiras das 18:30 \u00e0s 20 h. &#8211; Todas as aulas ficar\u00e3o gravadas. A Astrologia V\u00e9dica possui ferramentas muito precisas para uma investiga\u00e7\u00e3o mais profunda do Ser Humano, o que leva a identificar padr\u00f5es de pensamentos, emo\u00e7\u00f5es e comportamentos, que muitas vezes precisam ser ajustados, para te alinhar com quem realmente voc\u00ea \u00e9 e com seus verdadeiros desejos. As suas pot\u00eancias ser\u00e3o reveladas, elevando a sua autoconfian\u00e7a e clareza para decis\u00f5es e escolhas mais assertivas e para uma vida mais satisfat\u00f3ria. \u201cO livre-arb\u00edtrio \u00e9 a capacidade de fazer com alegria aquilo que eu devo fazer\u201d. Carl Jung. Investimento &#8211; \u00c0 vista 396 reais. &#8211; Parcelado com cart\u00e3o de cr\u00e9dito em at\u00e9 10 x. &#8211; Parcelado por Pix 4 x 108 reais. Estudar Astrologia V\u00e9dica auxilia nessa dimens\u00e3o material e ao mesmo tempo \u00e9 um caminho que leva para as sutilizas da espiritualidade. &nbsp; &nbsp; &nbsp; &nbsp; &nbsp;\u201cPor que Deus deu ent\u00e3o o livre-arb\u00edtrio? Porque o livre-arb\u00edtrio, apesar de tornar o mal poss\u00edvel, \u00e9 tamb\u00e9m \u00e0 \u00fanica coisa que faz com que todo amor, bondade ou alegria valham a pena. Um mundo de aut\u00f4matos, de criaturas que trabalhassem como m\u00e1quinas, n\u00e3o valeria a pena ser criado\u201d. C. S. Lewis. &nbsp;Come\u00e7amos juntos e o c\u00e9u \u00e9 o limite. &nbsp;Inscri\u00e7\u00f5es pelo WhasApp da Escola 51 982492000.<\/p>\n","protected":false},"author":1,"featured_media":0,"parent":0,"menu_order":0,"comment_status":"closed","ping_status":"closed","template":"","meta":{"_eb_attr":"","footnotes":""},"class_list":["post-928","page","type-page","status-publish","hentry"],"_links":{"self":[{"href":"https:\/\/casadooriente.com.br\/index.php?rest_route=\/wp\/v2\/pages\/928","targetHints":{"allow":["GET"]}}],"collection":[{"href":"https:\/\/casadooriente.com.br\/index.php?rest_route=\/wp\/v2\/pages"}],"about":[{"href":"https:\/\/casadooriente.com.br\/index.php?rest_route=\/wp\/v2\/types\/page"}],"author":[{"embeddable":true,"href":"https:\/\/casadooriente.com.br\/index.php?rest_route=\/wp\/v2\/users\/1"}],"replies":[{"embeddable":true,"href":"https:\/\/casadooriente.com.br\/index.php?rest_route=%2Fwp%2Fv2%2Fcomments&post=928"}],"version-history":[{"count":41,"href":"https:\/\/casadooriente.com.br\/index.php?rest_route=\/wp\/v2\/pages\/928\/revisions"}],"predecessor-version":[{"id":1338,"href":"https:\/\/casadooriente.com.br\/index.php?rest_route=\/wp\/v2\/pages\/928\/revisions\/1338"}],"wp:attachment":[{"href":"https:\/\/casadooriente.com.br\/index.php?rest_route=%2Fwp%2Fv2%2Fmedia&parent=928"}],"curies":[{"name":"wp","href":"https:\/\/api.w.org\/{rel}","templated":true}]}}