{"id":865,"date":"2022-12-11T23:58:45","date_gmt":"2022-12-11T23:58:45","guid":{"rendered":"https:\/\/casadooriente.com.br\/?page_id=865"},"modified":"2026-04-08T00:13:27","modified_gmt":"2026-04-08T00:13:27","slug":"astrologia","status":"publish","type":"page","link":"https:\/\/casadooriente.com.br\/?page_id=865","title":{"rendered":""},"content":{"rendered":"\t\t<div data-elementor-type=\"wp-page\" data-elementor-id=\"865\" class=\"elementor elementor-865\">\n\t\t\t\t\t\t<section class=\"elementor-section elementor-top-section elementor-element elementor-element-0bcfb97 elementor-section-boxed elementor-section-height-default elementor-section-height-default\" data-id=\"0bcfb97\" data-element_type=\"section\" data-e-type=\"section\">\n\t\t\t\t\t\t<div class=\"elementor-container elementor-column-gap-default\">\n\t\t\t\t\t<div class=\"elementor-column elementor-col-100 elementor-top-column elementor-element elementor-element-cd1db8e\" data-id=\"cd1db8e\" data-element_type=\"column\" data-e-type=\"column\">\n\t\t\t<div class=\"elementor-widget-wrap elementor-element-populated\">\n\t\t\t\t\t\t<div class=\"elementor-element elementor-element-bb445bc elementor-widget elementor-widget-heading\" data-id=\"bb445bc\" data-element_type=\"widget\" data-e-type=\"widget\" data-widget_type=\"heading.default\">\n\t\t\t\t<div class=\"elementor-widget-container\">\n\t\t\t\t\t<h2 class=\"elementor-heading-title elementor-size-default\">Astrologia V\u00e9dica<\/h2>\t\t\t\t<\/div>\n\t\t\t\t<\/div>\n\t\t\t\t\t<\/div>\n\t\t<\/div>\n\t\t\t\t\t<\/div>\n\t\t<\/section>\n\t\t\t\t<section class=\"elementor-section elementor-top-section elementor-element elementor-element-b7246d6 elementor-section-boxed elementor-section-height-default elementor-section-height-default\" data-id=\"b7246d6\" data-element_type=\"section\" data-e-type=\"section\">\n\t\t\t\t\t\t<div class=\"elementor-container elementor-column-gap-default\">\n\t\t\t\t\t<div class=\"elementor-column elementor-col-100 elementor-top-column elementor-element elementor-element-ddc2940\" data-id=\"ddc2940\" data-element_type=\"column\" data-e-type=\"column\">\n\t\t\t<div class=\"elementor-widget-wrap elementor-element-populated\">\n\t\t\t\t\t\t<div class=\"elementor-element elementor-element-251af49 elementor-widget elementor-widget-image\" data-id=\"251af49\" data-element_type=\"widget\" data-e-type=\"widget\" data-widget_type=\"image.default\">\n\t\t\t\t<div class=\"elementor-widget-container\">\n\t\t\t\t\t\t\t\t\t\t\t\t\t\t\t<img fetchpriority=\"high\" decoding=\"async\" width=\"2163\" height=\"495\" src=\"https:\/\/casadooriente.com.br\/wp-content\/uploads\/2023\/03\/astrologia.png\" class=\"attachment-full size-full wp-image-1240\" alt=\"\" srcset=\"https:\/\/casadooriente.com.br\/wp-content\/uploads\/2023\/03\/astrologia.png 2163w, https:\/\/casadooriente.com.br\/wp-content\/uploads\/2023\/03\/astrologia-300x69.png 300w, https:\/\/casadooriente.com.br\/wp-content\/uploads\/2023\/03\/astrologia-1024x234.png 1024w, https:\/\/casadooriente.com.br\/wp-content\/uploads\/2023\/03\/astrologia-768x176.png 768w, https:\/\/casadooriente.com.br\/wp-content\/uploads\/2023\/03\/astrologia-1536x352.png 1536w, https:\/\/casadooriente.com.br\/wp-content\/uploads\/2023\/03\/astrologia-2048x469.png 2048w, https:\/\/casadooriente.com.br\/wp-content\/uploads\/2023\/03\/astrologia-1140x261.png 1140w\" sizes=\"(max-width: 2163px) 100vw, 2163px\" \/>\t\t\t\t\t\t\t\t\t\t\t\t\t\t\t<\/div>\n\t\t\t\t<\/div>\n\t\t\t\t\t<\/div>\n\t\t<\/div>\n\t\t\t\t\t<\/div>\n\t\t<\/section>\n\t\t\t\t<section class=\"elementor-section elementor-top-section elementor-element elementor-element-c5b300c elementor-section-boxed elementor-section-height-default elementor-section-height-default\" data-id=\"c5b300c\" data-element_type=\"section\" data-e-type=\"section\">\n\t\t\t\t\t\t<div class=\"elementor-container elementor-column-gap-default\">\n\t\t\t\t\t<div class=\"elementor-column elementor-col-100 elementor-top-column elementor-element elementor-element-e908da5\" data-id=\"e908da5\" data-element_type=\"column\" data-e-type=\"column\">\n\t\t\t<div class=\"elementor-widget-wrap elementor-element-populated\">\n\t\t\t\t\t\t<div class=\"elementor-element elementor-element-ba4d0f0 elementor-widget elementor-widget-text-editor\" data-id=\"ba4d0f0\" data-element_type=\"widget\" data-e-type=\"widget\" data-widget_type=\"text-editor.default\">\n\t\t\t\t<div class=\"elementor-widget-container\">\n\t\t\t\t\t\t\t\t\t<p>Jyotish \u00e9 o estudo do Karma, conhecido no Ocidente como Astrologia V\u00e9dica.<br \/><span style=\"font-family: var( --e-global-typography-text-font-family ), Sans-serif; font-weight: var( --e-global-typography-text-font-weight ); letter-spacing: 0px;\">Na consulta interpretamos o Mapa Natal, uma foto de como o c\u00e9u estava no momento exato do seu nascimento.<\/span><\/p><p><span style=\"font-family: var( --e-global-typography-text-font-family ), Sans-serif; font-weight: var( --e-global-typography-text-font-weight ); letter-spacing: 0px;\">Com o conhecimento do seu Mapa Astral V\u00e9dico \u00e9 poss\u00edvel identificar e reconhecer suas potencialidades e pontos fortes, assim como as debilidades a serem superadas. Podemos identificar quais fluxos de consci\u00eancias estar\u00e3o mais ativos em cada per\u00edodo da vida.<\/span><\/p><p><span style=\"font-family: var( --e-global-typography-text-font-family ), Sans-serif; font-weight: var( --e-global-typography-text-font-weight ); letter-spacing: 0px;\">Na Astrologia V\u00e9dica consideramos os c\u00e1lculos Astron\u00f4micos, com isso existe uma exatid\u00e3o no posicionamento dos Grahas (Planetas) e dos Rashis (signos).<\/span><\/p><p><span style=\"font-family: var( --e-global-typography-text-font-family ), Sans-serif; font-weight: var( --e-global-typography-text-font-weight ); letter-spacing: 0px;\">Estudamos as casas astrol\u00f3gicas, \u00e1reas da vida, os signos solares, que s\u00e3o as energias que est\u00e3o presentes nessas \u00e1reas e os planetas que s\u00e3o os distribuidores dos karmas, os resultados que recebemos das nossas a\u00e7\u00f5es.<\/span><\/p><p><span style=\"font-family: var( --e-global-typography-text-font-family ), Sans-serif; font-weight: var( --e-global-typography-text-font-weight ); letter-spacing: 0px;\">E ainda as Nakshatras, os signos lunares que est\u00e3o ativos no mapa, aprofundando ainda mais a experi\u00eancia.<\/span><\/p><p><span style=\"font-family: var( --e-global-typography-text-font-family ), Sans-serif; font-weight: var( --e-global-typography-text-font-weight ); letter-spacing: 0px;\">A filosofia e os mitos que embasam esse estudo possuem car\u00e1ter terap\u00eautico, ouvir sobre essa tradi\u00e7\u00e3o tamb\u00e9m \u00e9 um trabalho de cura interna e liberta\u00e7\u00e3o. O que \u00e9 destino e onde est\u00e1 o livre-arb\u00edtrio?<\/span><\/p><p><span style=\"font-family: var( --e-global-typography-text-font-family ), Sans-serif; font-weight: var( --e-global-typography-text-font-weight ); letter-spacing: 0px;\">A Astrologia V\u00e9dica possui ferramentas muito precisas para uma investiga\u00e7\u00e3o mais profunda do Ser Humano, o que leva a identificar padr\u00f5es de pensamentos, emo\u00e7\u00f5es e comportamentos, que muitas vezes precisam ser ajustados, para te alinhar com quem realmente voc\u00ea \u00e9 e com seus verdadeiros desejos.<\/span><\/p><p><span style=\"font-family: var( --e-global-typography-text-font-family ), Sans-serif; font-weight: var( --e-global-typography-text-font-weight ); letter-spacing: 0px;\">As suas pot\u00eancias ser\u00e3o reveladas, elevando a sua autoconfian\u00e7a e clareza para decis\u00f5es e escolhas mais assertivas e para uma vida mais satisfat\u00f3ria.O estudo do Mapa Natal \u00e9 uma ferramenta de autoconhecimento.<\/span><\/p><p><span style=\"font-family: var( --e-global-typography-text-font-family ), Sans-serif; font-weight: var( --e-global-typography-text-font-weight ); letter-spacing: 0px;\">\u00c9 um mergulho na nossa ess\u00eancia, que \u00e9 pura consci\u00eancia.<br \/><\/span><span style=\"font-family: var( --e-global-typography-text-font-family ), Sans-serif; font-weight: var( --e-global-typography-text-font-weight ); letter-spacing: 0px;\">O tempo m\u00e9dio da consulta \u00e9 de duas horas.<br \/><\/span><span style=\"font-family: var( --e-global-typography-text-font-family ), Sans-serif; font-weight: var( --e-global-typography-text-font-weight ); letter-spacing: 0px;\">O valor do estudo \u00e9 R$ 594,00.<br \/><\/span><span style=\"font-family: var( --e-global-typography-text-font-family ), Sans-serif; font-weight: var( --e-global-typography-text-font-weight ); letter-spacing: 0px;\">Os alunos da Escola recebem um desconto especial.<\/span><\/p><p><span style=\"font-family: var( --e-global-typography-text-font-family ), Sans-serif; font-weight: var( --e-global-typography-text-font-weight ); letter-spacing: 0px;\">*o acerto deve ser feito no ato do agendamento por Pix para garantia do hor\u00e1rio.<br \/><\/span><span style=\"font-family: var( --e-global-typography-text-font-family ), Sans-serif; font-weight: var( --e-global-typography-text-font-weight ); letter-spacing: 0px;\">*pode ser parcelado no cart\u00e3o em at\u00e9 3x.<\/span><\/p>\t\t\t\t\t\t\t\t<\/div>\n\t\t\t\t<\/div>\n\t\t\t\t\t<\/div>\n\t\t<\/div>\n\t\t\t\t\t<\/div>\n\t\t<\/section>\n\t\t\t\t<section class=\"elementor-section elementor-top-section elementor-element elementor-element-246555a elementor-section-boxed elementor-section-height-default elementor-section-height-default\" data-id=\"246555a\" data-element_type=\"section\" data-e-type=\"section\">\n\t\t\t\t\t\t<div class=\"elementor-container elementor-column-gap-default\">\n\t\t\t\t\t<div class=\"elementor-column elementor-col-100 elementor-top-column elementor-element elementor-element-292b2c4\" data-id=\"292b2c4\" data-element_type=\"column\" data-e-type=\"column\">\n\t\t\t<div class=\"elementor-widget-wrap elementor-element-populated\">\n\t\t\t\t\t\t<div class=\"elementor-element elementor-element-5c1abac elementor-widget elementor-widget-image\" data-id=\"5c1abac\" data-element_type=\"widget\" data-e-type=\"widget\" data-widget_type=\"image.default\">\n\t\t\t\t<div class=\"elementor-widget-container\">\n\t\t\t\t\t\t\t\t\t\t\t\t\t\t\t\t<a href=\"http:\/\/api.whatsapp.com\/send?1=pt_BR&#038;phone=5551982492000\">\n\t\t\t\t\t\t\t<img decoding=\"async\" width=\"768\" height=\"62\" src=\"https:\/\/casadooriente.com.br\/wp-content\/uploads\/2023\/03\/CONSULTA-768x62.png\" class=\"attachment-medium_large size-medium_large wp-image-1211\" alt=\"\" srcset=\"https:\/\/casadooriente.com.br\/wp-content\/uploads\/2023\/03\/CONSULTA-768x62.png 768w, https:\/\/casadooriente.com.br\/wp-content\/uploads\/2023\/03\/CONSULTA-300x24.png 300w, https:\/\/casadooriente.com.br\/wp-content\/uploads\/2023\/03\/CONSULTA-1024x82.png 1024w, https:\/\/casadooriente.com.br\/wp-content\/uploads\/2023\/03\/CONSULTA-1536x123.png 1536w, https:\/\/casadooriente.com.br\/wp-content\/uploads\/2023\/03\/CONSULTA-2048x164.png 2048w, https:\/\/casadooriente.com.br\/wp-content\/uploads\/2023\/03\/CONSULTA-1140x91.png 1140w\" sizes=\"(max-width: 768px) 100vw, 768px\" \/>\t\t\t\t\t\t\t\t<\/a>\n\t\t\t\t\t\t\t\t\t\t\t\t\t\t\t<\/div>\n\t\t\t\t<\/div>\n\t\t\t\t<div class=\"elementor-element elementor-element-8c49ff2 elementor-widget elementor-widget-spacer\" data-id=\"8c49ff2\" data-element_type=\"widget\" data-e-type=\"widget\" data-widget_type=\"spacer.default\">\n\t\t\t\t<div class=\"elementor-widget-container\">\n\t\t\t\t\t\t\t<div class=\"elementor-spacer\">\n\t\t\t<div class=\"elementor-spacer-inner\"><\/div>\n\t\t<\/div>\n\t\t\t\t\t\t<\/div>\n\t\t\t\t<\/div>\n\t\t\t\t\t<\/div>\n\t\t<\/div>\n\t\t\t\t\t<\/div>\n\t\t<\/section>\n\t\t\t\t<section class=\"elementor-section elementor-top-section elementor-element elementor-element-f35d683 elementor-section-boxed elementor-section-height-default elementor-section-height-default\" data-id=\"f35d683\" data-element_type=\"section\" data-e-type=\"section\">\n\t\t\t\t\t\t<div class=\"elementor-container elementor-column-gap-default\">\n\t\t\t\t\t<div class=\"elementor-column elementor-col-100 elementor-top-column elementor-element elementor-element-6fa3523\" data-id=\"6fa3523\" data-element_type=\"column\" data-e-type=\"column\">\n\t\t\t<div class=\"elementor-widget-wrap elementor-element-populated\">\n\t\t\t\t\t\t<div class=\"elementor-element elementor-element-80101b7 elementor-widget elementor-widget-image\" data-id=\"80101b7\" data-element_type=\"widget\" data-e-type=\"widget\" data-widget_type=\"image.default\">\n\t\t\t\t<div class=\"elementor-widget-container\">\n\t\t\t\t\t\t\t\t\t\t\t\t\t\t\t<img decoding=\"async\" width=\"768\" height=\"62\" src=\"https:\/\/casadooriente.com.br\/wp-content\/uploads\/2023\/03\/depoimentos-1-768x62.png\" class=\"attachment-medium_large size-medium_large wp-image-1363\" alt=\"\" srcset=\"https:\/\/casadooriente.com.br\/wp-content\/uploads\/2023\/03\/depoimentos-1-768x62.png 768w, https:\/\/casadooriente.com.br\/wp-content\/uploads\/2023\/03\/depoimentos-1-300x24.png 300w, https:\/\/casadooriente.com.br\/wp-content\/uploads\/2023\/03\/depoimentos-1-1024x82.png 1024w, https:\/\/casadooriente.com.br\/wp-content\/uploads\/2023\/03\/depoimentos-1-1536x123.png 1536w, https:\/\/casadooriente.com.br\/wp-content\/uploads\/2023\/03\/depoimentos-1-2048x164.png 2048w, https:\/\/casadooriente.com.br\/wp-content\/uploads\/2023\/03\/depoimentos-1-1140x91.png 1140w\" sizes=\"(max-width: 768px) 100vw, 768px\" \/>\t\t\t\t\t\t\t\t\t\t\t\t\t\t\t<\/div>\n\t\t\t\t<\/div>\n\t\t\t\t\t<\/div>\n\t\t<\/div>\n\t\t\t\t\t<\/div>\n\t\t<\/section>\n\t\t\t\t<section class=\"elementor-section elementor-top-section elementor-element elementor-element-d507df4 elementor-section-boxed elementor-section-height-default elementor-section-height-default\" data-id=\"d507df4\" data-element_type=\"section\" data-e-type=\"section\">\n\t\t\t\t\t\t<div class=\"elementor-container elementor-column-gap-default\">\n\t\t\t\t\t<div class=\"elementor-column elementor-col-100 elementor-top-column elementor-element elementor-element-c076390\" data-id=\"c076390\" data-element_type=\"column\" data-e-type=\"column\">\n\t\t\t<div class=\"elementor-widget-wrap elementor-element-populated\">\n\t\t\t\t\t\t<div class=\"elementor-element elementor-element-3d9c1a9 elementor-widget elementor-widget-text-editor\" data-id=\"3d9c1a9\" data-element_type=\"widget\" data-e-type=\"widget\" data-widget_type=\"text-editor.default\">\n\t\t\t\t<div class=\"elementor-widget-container\">\n\t\t\t\t\t\t\t\t\t<p><b>NIKOLAS&nbsp;<\/b><\/p>\n<p>Sobre o Jyotshi, foi essencial pra reafirmar minha sanidade. No caminho pra me conhecer e entender como eu funciono, este estudo da distribui\u00e7\u00e3o dos karmas est\u00e1 sendo muito importante.&nbsp;<\/p>\n<p>Aspectos internos que n\u00e3o compreendia pude entender e aceitar, facilitando muito a assimila\u00e7\u00e3o de como prosseguir. Questionamentos sobre a vida e o mundo as vezes me faziam quase ficar louco, descobri que essas influencias fazem parte do processo ao qual vim experienciar, apontando diretamente para onde preciso dar aten\u00e7\u00e3o ao inv\u00e9s de dispersar o foco.<\/p>\n<p>Como uma ci\u00eancia milenar o Jyotshi desperta meu interesse em aprender e me aprofundar, assim como Yoga e Ayurveda.<\/p>\n<p>Na jornada individual passei por muitos caminhos, todos acrescentaram muito, por\u00e9m de tudo quanto sempre tive anseio por viver, esses tr\u00eas pilares cont\u00e9m de forma simples o que \u00e9 realmente importante para uma vida plena.<\/p>\n<p>Como Ser humano tenho acompanhado um crescimento bonito e valioso, agrade\u00e7o a Casa do Oriente pela orienta\u00e7\u00e3o, carinho, instru\u00e7\u00e3o, firmeza e amorosidade, s\u00e3o verdadeiros professores. Ensinam com verdade e clareza estas ferramentas t\u00e3o poderosas, por\u00e9m cabe a cada um de n\u00f3s fazer um bom uso. Namast\u00ea Profe Pati e Mestre Tonatto, muito amor!<\/p>\t\t\t\t\t\t\t\t<\/div>\n\t\t\t\t<\/div>\n\t\t\t\t\t<\/div>\n\t\t<\/div>\n\t\t\t\t\t<\/div>\n\t\t<\/section>\n\t\t\t\t<section class=\"elementor-section elementor-top-section elementor-element elementor-element-73e11a1 elementor-section-boxed elementor-section-height-default elementor-section-height-default\" data-id=\"73e11a1\" data-element_type=\"section\" data-e-type=\"section\">\n\t\t\t\t\t\t<div class=\"elementor-container elementor-column-gap-default\">\n\t\t\t\t\t<div class=\"elementor-column elementor-col-100 elementor-top-column elementor-element elementor-element-99ae335\" data-id=\"99ae335\" data-element_type=\"column\" data-e-type=\"column\">\n\t\t\t<div class=\"elementor-widget-wrap elementor-element-populated\">\n\t\t\t\t\t\t<div class=\"elementor-element elementor-element-8060c18 elementor-widget elementor-widget-text-editor\" data-id=\"8060c18\" data-element_type=\"widget\" data-e-type=\"widget\" data-widget_type=\"text-editor.default\">\n\t\t\t\t<div class=\"elementor-widget-container\">\n\t\t\t\t\t\t\t\t\t<p><b>NICOLE SCHEID<\/b><\/p>\n<p>O in\u00edcio da minha pr\u00e1tica no shala foi o in\u00edcio de um novo ciclo.<\/p>\n<p>Quando conheci a Casa do Oriente eu cheguei com um desejo muito profundo e \u00edntimo que dizia exatamente quem eu sou e, sem julgamentos ou questionamentos, a Pati me abra\u00e7ou, acolheu e me ajudou a construir algo bel\u00edssimo dentro de mim.<\/p>\n<p>Fui abra\u00e7ada pela energia linda do sangha e iniciei a caminhada do yoga desconstruindo e construindo tudo atrav\u00e9s dos estudos de jyotish, ayurveda e dos satsanghas.<\/p>\n<p>Tenho um carinho imenso por todos da Casa e sou muito grata por todo o ensinamento que me \u00e9 transmitido.&nbsp;<span style=\"font-family: var( --e-global-typography-text-font-family ), Sans-serif; font-weight: var( --e-global-typography-text-font-weight ); letter-spacing: 0px;\">Meus ciclos j\u00e1 encerraram e iniciaram novamente e a cada pr\u00e1tica percebo como a energia e for\u00e7a desse lugar s\u00e3o lindamente grandiosos.<\/span><\/p>\n<p>Que assim permane\u00e7a.<br><span style=\"font-family: var( --e-global-typography-text-font-family ), Sans-serif; font-weight: var( --e-global-typography-text-font-weight ); letter-spacing: 0px;\">Gratid\u00e3o&nbsp;<\/span><\/p>\t\t\t\t\t\t\t\t<\/div>\n\t\t\t\t<\/div>\n\t\t\t\t\t<\/div>\n\t\t<\/div>\n\t\t\t\t\t<\/div>\n\t\t<\/section>\n\t\t\t\t<\/div>\n\t\t","protected":false},"excerpt":{"rendered":"<p>Astrologia V\u00e9dica Jyotish \u00e9 o estudo do Karma, conhecido no Ocidente como Astrologia V\u00e9dica.Na consulta interpretamos o Mapa Natal, uma foto de como o c\u00e9u estava no momento exato do seu nascimento. Com o conhecimento do seu Mapa Astral V\u00e9dico \u00e9 poss\u00edvel identificar e reconhecer suas potencialidades e pontos fortes, assim como as debilidades a serem superadas. Podemos identificar quais fluxos de consci\u00eancias estar\u00e3o mais ativos em cada per\u00edodo da vida. Na Astrologia V\u00e9dica consideramos os c\u00e1lculos Astron\u00f4micos, com isso existe uma exatid\u00e3o no posicionamento dos Grahas (Planetas) e dos Rashis (signos). Estudamos as casas astrol\u00f3gicas, \u00e1reas da vida, os signos solares, que s\u00e3o as energias que est\u00e3o presentes nessas \u00e1reas e os planetas que s\u00e3o os distribuidores dos karmas, os resultados que recebemos das nossas a\u00e7\u00f5es. E ainda as Nakshatras, os signos lunares que est\u00e3o ativos no mapa, aprofundando ainda mais a experi\u00eancia. A filosofia e os mitos que embasam esse estudo possuem car\u00e1ter terap\u00eautico, ouvir sobre essa tradi\u00e7\u00e3o tamb\u00e9m \u00e9 um trabalho de cura interna e liberta\u00e7\u00e3o. O que \u00e9 destino e onde est\u00e1 o livre-arb\u00edtrio? A Astrologia V\u00e9dica possui ferramentas muito precisas para uma investiga\u00e7\u00e3o mais profunda do Ser Humano, o que leva a identificar padr\u00f5es de pensamentos, emo\u00e7\u00f5es e comportamentos, que muitas vezes precisam ser ajustados, para te alinhar com quem realmente voc\u00ea \u00e9 e com seus verdadeiros desejos. As suas pot\u00eancias ser\u00e3o reveladas, elevando a sua autoconfian\u00e7a e clareza para decis\u00f5es e escolhas mais assertivas e para uma vida mais satisfat\u00f3ria.O estudo do Mapa Natal \u00e9 uma ferramenta de autoconhecimento. \u00c9 um mergulho na nossa ess\u00eancia, que \u00e9 pura consci\u00eancia.O tempo m\u00e9dio da consulta \u00e9 de duas horas.O valor do estudo \u00e9 R$ 594,00.Os alunos da Escola recebem um desconto especial. *o acerto deve ser feito no ato do agendamento por Pix para garantia do hor\u00e1rio.*pode ser parcelado no cart\u00e3o em at\u00e9 3x. NIKOLAS&nbsp; Sobre o Jyotshi, foi essencial pra reafirmar minha sanidade. No caminho pra me conhecer e entender como eu funciono, este estudo da distribui\u00e7\u00e3o dos karmas est\u00e1 sendo muito importante.&nbsp; Aspectos internos que n\u00e3o compreendia pude entender e aceitar, facilitando muito a assimila\u00e7\u00e3o de como prosseguir. Questionamentos sobre a vida e o mundo as vezes me faziam quase ficar louco, descobri que essas influencias fazem parte do processo ao qual vim experienciar, apontando diretamente para onde preciso dar aten\u00e7\u00e3o ao inv\u00e9s de dispersar o foco. Como uma ci\u00eancia milenar o Jyotshi desperta meu interesse em aprender e me aprofundar, assim como Yoga e Ayurveda. Na jornada individual passei por muitos caminhos, todos acrescentaram muito, por\u00e9m de tudo quanto sempre tive anseio por viver, esses tr\u00eas pilares cont\u00e9m de forma simples o que \u00e9 realmente importante para uma vida plena. Como Ser humano tenho acompanhado um crescimento bonito e valioso, agrade\u00e7o a Casa do Oriente pela orienta\u00e7\u00e3o, carinho, instru\u00e7\u00e3o, firmeza e amorosidade, s\u00e3o verdadeiros professores. Ensinam com verdade e clareza estas ferramentas t\u00e3o poderosas, por\u00e9m cabe a cada um de n\u00f3s fazer um bom uso. Namast\u00ea Profe Pati e Mestre Tonatto, muito amor! NICOLE SCHEID O in\u00edcio da minha pr\u00e1tica no shala foi o in\u00edcio de um novo ciclo. Quando conheci a Casa do Oriente eu cheguei com um desejo muito profundo e \u00edntimo que dizia exatamente quem eu sou e, sem julgamentos ou questionamentos, a Pati me abra\u00e7ou, acolheu e me ajudou a construir algo bel\u00edssimo dentro de mim. Fui abra\u00e7ada pela energia linda do sangha e iniciei a caminhada do yoga desconstruindo e construindo tudo atrav\u00e9s dos estudos de jyotish, ayurveda e dos satsanghas. Tenho um carinho imenso por todos da Casa e sou muito grata por todo o ensinamento que me \u00e9 transmitido.&nbsp;Meus ciclos j\u00e1 encerraram e iniciaram novamente e a cada pr\u00e1tica percebo como a energia e for\u00e7a desse lugar s\u00e3o lindamente grandiosos. Que assim permane\u00e7a.Gratid\u00e3o&nbsp;<\/p>\n","protected":false},"author":1,"featured_media":0,"parent":0,"menu_order":0,"comment_status":"closed","ping_status":"closed","template":"","meta":{"_eb_attr":"","footnotes":""},"class_list":["post-865","page","type-page","status-publish","hentry"],"_links":{"self":[{"href":"https:\/\/casadooriente.com.br\/index.php?rest_route=\/wp\/v2\/pages\/865","targetHints":{"allow":["GET"]}}],"collection":[{"href":"https:\/\/casadooriente.com.br\/index.php?rest_route=\/wp\/v2\/pages"}],"about":[{"href":"https:\/\/casadooriente.com.br\/index.php?rest_route=\/wp\/v2\/types\/page"}],"author":[{"embeddable":true,"href":"https:\/\/casadooriente.com.br\/index.php?rest_route=\/wp\/v2\/users\/1"}],"replies":[{"embeddable":true,"href":"https:\/\/casadooriente.com.br\/index.php?rest_route=%2Fwp%2Fv2%2Fcomments&post=865"}],"version-history":[{"count":35,"href":"https:\/\/casadooriente.com.br\/index.php?rest_route=\/wp\/v2\/pages\/865\/revisions"}],"predecessor-version":[{"id":1833,"href":"https:\/\/casadooriente.com.br\/index.php?rest_route=\/wp\/v2\/pages\/865\/revisions\/1833"}],"wp:attachment":[{"href":"https:\/\/casadooriente.com.br\/index.php?rest_route=%2Fwp%2Fv2%2Fmedia&parent=865"}],"curies":[{"name":"wp","href":"https:\/\/api.w.org\/{rel}","templated":true}]}}