{"id":445,"date":"2021-12-08T19:19:04","date_gmt":"2021-12-08T19:19:04","guid":{"rendered":"https:\/\/casadooriente.com.br\/?page_id=445"},"modified":"2026-04-08T00:15:33","modified_gmt":"2026-04-08T00:15:33","slug":"ayurveda","status":"publish","type":"page","link":"https:\/\/casadooriente.com.br\/?page_id=445","title":{"rendered":""},"content":{"rendered":"\t\t<div data-elementor-type=\"wp-page\" data-elementor-id=\"445\" class=\"elementor elementor-445\">\n\t\t\t\t\t\t<section class=\"elementor-section elementor-top-section elementor-element elementor-element-75aa6d6b elementor-section-boxed elementor-section-height-default elementor-section-height-default\" data-id=\"75aa6d6b\" data-element_type=\"section\" data-e-type=\"section\">\n\t\t\t\t\t\t<div class=\"elementor-container elementor-column-gap-default\">\n\t\t\t\t\t<div class=\"elementor-column elementor-col-100 elementor-top-column elementor-element elementor-element-dd45480\" data-id=\"dd45480\" data-element_type=\"column\" data-e-type=\"column\">\n\t\t\t<div class=\"elementor-widget-wrap elementor-element-populated\">\n\t\t\t\t\t\t<div class=\"elementor-element elementor-element-57916b8 elementor-widget elementor-widget-heading\" data-id=\"57916b8\" data-element_type=\"widget\" data-e-type=\"widget\" data-widget_type=\"heading.default\">\n\t\t\t\t<div class=\"elementor-widget-container\">\n\t\t\t\t\t<h2 class=\"elementor-heading-title elementor-size-default\">Ayurveda e Consultorias<\/h2>\t\t\t\t<\/div>\n\t\t\t\t<\/div>\n\t\t\t\t\t<\/div>\n\t\t<\/div>\n\t\t\t\t\t<\/div>\n\t\t<\/section>\n\t\t\t\t<section class=\"elementor-section elementor-top-section elementor-element elementor-element-57c488d elementor-section-boxed elementor-section-height-default elementor-section-height-default\" data-id=\"57c488d\" data-element_type=\"section\" data-e-type=\"section\">\n\t\t\t\t\t\t<div class=\"elementor-container elementor-column-gap-default\">\n\t\t\t\t\t<div class=\"elementor-column elementor-col-100 elementor-top-column elementor-element elementor-element-11d8256\" data-id=\"11d8256\" data-element_type=\"column\" data-e-type=\"column\">\n\t\t\t<div class=\"elementor-widget-wrap elementor-element-populated\">\n\t\t\t\t\t\t<div class=\"elementor-element elementor-element-993469a elementor-widget elementor-widget-image\" data-id=\"993469a\" data-element_type=\"widget\" data-e-type=\"widget\" data-widget_type=\"image.default\">\n\t\t\t\t<div class=\"elementor-widget-container\">\n\t\t\t\t\t\t\t\t\t\t\t\t\t\t\t<img fetchpriority=\"high\" decoding=\"async\" width=\"1851\" height=\"424\" src=\"https:\/\/casadooriente.com.br\/wp-content\/uploads\/2023\/03\/ayurvedafoto.png\" class=\"attachment-full size-full wp-image-1192\" alt=\"\" srcset=\"https:\/\/casadooriente.com.br\/wp-content\/uploads\/2023\/03\/ayurvedafoto.png 1851w, https:\/\/casadooriente.com.br\/wp-content\/uploads\/2023\/03\/ayurvedafoto-300x69.png 300w, https:\/\/casadooriente.com.br\/wp-content\/uploads\/2023\/03\/ayurvedafoto-1024x235.png 1024w, https:\/\/casadooriente.com.br\/wp-content\/uploads\/2023\/03\/ayurvedafoto-768x176.png 768w, https:\/\/casadooriente.com.br\/wp-content\/uploads\/2023\/03\/ayurvedafoto-1536x352.png 1536w, https:\/\/casadooriente.com.br\/wp-content\/uploads\/2023\/03\/ayurvedafoto-1140x261.png 1140w\" sizes=\"(max-width: 1851px) 100vw, 1851px\" \/>\t\t\t\t\t\t\t\t\t\t\t\t\t\t\t<\/div>\n\t\t\t\t<\/div>\n\t\t\t\t\t<\/div>\n\t\t<\/div>\n\t\t\t\t\t<\/div>\n\t\t<\/section>\n\t\t\t\t<section class=\"elementor-section elementor-top-section elementor-element elementor-element-464ba7b elementor-section-boxed elementor-section-height-default elementor-section-height-default\" data-id=\"464ba7b\" data-element_type=\"section\" data-e-type=\"section\">\n\t\t\t\t\t\t<div class=\"elementor-container elementor-column-gap-default\">\n\t\t\t\t\t<div class=\"elementor-column elementor-col-100 elementor-top-column elementor-element elementor-element-87c2c4d\" data-id=\"87c2c4d\" data-element_type=\"column\" data-e-type=\"column\">\n\t\t\t<div class=\"elementor-widget-wrap elementor-element-populated\">\n\t\t\t\t\t\t<div class=\"elementor-element elementor-element-0213578 elementor-widget elementor-widget-text-editor\" data-id=\"0213578\" data-element_type=\"widget\" data-e-type=\"widget\" data-widget_type=\"text-editor.default\">\n\t\t\t\t<div class=\"elementor-widget-container\">\n\t\t\t\t\t\t\t\t\t<p>Acompanhamos in\u00fameros alunos de todo o pa\u00eds e exterior de forma online e com excelentes resultados.<br \/><span style=\"font-family: var( --e-global-typography-text-font-family ), Sans-serif; font-weight: var( --e-global-typography-text-font-weight ); letter-spacing: 0px;\">Pati Pizio \u00e9 Profissional de Educa\u00e7\u00e3o F\u00edsica, Professora de Yoga e Terapeuta Ayurveda com Especializa\u00e7\u00f5es na \u00cdndia.<\/span><\/p><p><span style=\"font-family: var( --e-global-typography-text-font-family ), Sans-serif; font-weight: var( --e-global-typography-text-font-weight ); letter-spacing: 0px;\">Em sua trajet\u00f3ria e investiga\u00e7\u00f5es sobre o corpo e a mente, foi Campe\u00e3 Brasileira Miss Fitness e possui extensa experi\u00eancia com transforma\u00e7\u00f5es f\u00edsicas e equil\u00edbrio dos corpos.\u00a0<\/span><\/p><p>Se voc\u00ea nos procurou \u00e9 porque busca algo diferente e est\u00e1 disposto a atingir um objetivo.<br \/><span style=\"font-family: var( --e-global-typography-text-font-family ), Sans-serif; font-weight: var( --e-global-typography-text-font-weight ); letter-spacing: 0px;\">E t\u00e3o importante quanto atingir o objetivo, \u00e9 aprender a manter o que conquistou.\u00a0<\/span><\/p><p><span style=\"font-family: var( --e-global-typography-text-font-family ), Sans-serif; font-weight: var( --e-global-typography-text-font-weight ); letter-spacing: 0px;\">Dessa forma vamos te ensinar um estilo de vida pr\u00e1tico.<\/span><\/p><p><span style=\"font-family: var( --e-global-typography-text-font-family ), Sans-serif; font-weight: var( --e-global-typography-text-font-weight ); letter-spacing: 0px;\">A maneira de pensar e agir atrav\u00e9s da \u00f3tica da Ayurveda busca o equil\u00edbrio do corpo e da mente, obtendo sa\u00fade, bem estar e sua melhor forma.<br \/><\/span><span style=\"font-family: var( --e-global-typography-text-font-family ), Sans-serif; font-weight: var( --e-global-typography-text-font-weight ); letter-spacing: 0px;\">Tamb\u00e9m nos orienta a melhorar as nossas escolhas e comportamentos na vida social, familiar e nos integrar com o Todo.<\/span><\/p><p>O Ayurveda \u00e9 uma ferramenta de autoconhecimento.<\/p><p>O ATENDIMENTO \u00c9\u00a0 DE FORMA ONLINE VIA ZOOM E INCLUI:<\/p><p>&#8211; Rotina para direcionar as melhores escolhas na alimenta\u00e7\u00e3o e no dia a dia.<br \/><span style=\"font-family: var( --e-global-typography-text-font-family ), Sans-serif; font-weight: var( --e-global-typography-text-font-weight ); letter-spacing: 0px;\">&#8211; Um planejamento individual da hora em que vc acordar at\u00e9 ir dormir, respeitando seu biotipo e necessidades (Dinacharya e Ahara).<br \/><\/span><span style=\"font-family: var( --e-global-typography-text-font-family ), Sans-serif; font-weight: var( --e-global-typography-text-font-weight ); letter-spacing: 0px;\">&#8211; Orienta\u00e7\u00e3o para escolher e prosseguir com atividade f\u00edsica.<\/span><\/p><p>SOBRE VALOR:<br \/><span style=\"font-family: var( --e-global-typography-text-font-family ), Sans-serif; font-weight: var( --e-global-typography-text-font-weight ); letter-spacing: 0px;\">&#8211; R$ 290,00<\/span><\/p><p>PAGAMENTO:<br \/><span style=\"font-family: var( --e-global-typography-text-font-family ), Sans-serif; font-weight: var( --e-global-typography-text-font-weight ); letter-spacing: 0px;\">&#8211; O acerto pode ser por Pix ou cart\u00e3o de cr\u00e9dito.<\/span><\/p><p>COMO INICIAMOS:<br \/><span style=\"font-family: var( --e-global-typography-text-font-family ), Sans-serif; font-weight: var( --e-global-typography-text-font-weight ); letter-spacing: 0px;\">&#8211; Agendamos a primeira consulta e anamnese.<br \/><\/span><span style=\"font-family: var( --e-global-typography-text-font-family ), Sans-serif; font-weight: var( --e-global-typography-text-font-weight ); letter-spacing: 0px;\">&#8211; O plano \u00e9 entregue em at\u00e9 7 dias \u00fateis ap\u00f3s a consulta.\u00a0<\/span><\/p><p>LEMBRE:<br \/><span style=\"font-family: var( --e-global-typography-text-font-family ), Sans-serif; font-weight: var( --e-global-typography-text-font-weight ); letter-spacing: 0px;\">Boa forma e sa\u00fade caminham juntas atrav\u00e9s de um estilo de vida equilibrado.<br \/><\/span><span style=\"font-family: var( --e-global-typography-text-font-family ), Sans-serif; font-weight: var( --e-global-typography-text-font-weight ); letter-spacing: 0px;\">Atinja seu objetivo e aprenda a manter os resultados!<\/span><\/p><p>AYURVEDA:<\/p><p>O que \u00e9?\u00a0<br \/><span style=\"font-family: var( --e-global-typography-text-font-family ), Sans-serif; font-weight: var( --e-global-typography-text-font-weight ); letter-spacing: 0px;\">Uma ci\u00eancia milenar indiana.\u00a0<\/span><\/p><p><span style=\"font-family: var( --e-global-typography-text-font-family ), Sans-serif; font-weight: var( --e-global-typography-text-font-weight ); letter-spacing: 0px;\">Qual \u00e9 o objetivo?<br \/><\/span><span style=\"font-family: var( --e-global-typography-text-font-family ), Sans-serif; font-weight: var( --e-global-typography-text-font-weight ); letter-spacing: 0px;\">Proporcionar o equil\u00edbrio do corpo e da mente.\u00a0<\/span><\/p><p>Como?\u00a0<br \/><span style=\"font-family: var( --e-global-typography-text-font-family ), Sans-serif; font-weight: var( --e-global-typography-text-font-weight ); letter-spacing: 0px;\">Atrav\u00e9s de um estilo de vida saud\u00e1vel, rotina simples e alimenta\u00e7\u00e3o natural.\u00a0<\/span><\/p><p>O que \u00e9 poss\u00edvel obter?<br \/><span style=\"font-family: var( --e-global-typography-text-font-family ), Sans-serif; font-weight: var( --e-global-typography-text-font-weight ); letter-spacing: 0px;\">Sa\u00fade plena, equil\u00edbrio do metabolismo, transforma\u00e7\u00f5es do corpo f\u00edsico e mental, se sentir bem, real\u00e7ar sua beleza, se gostar ainda mais, se conhecer, ter clareza e foco mental, pacificar e gerenciar as emo\u00e7\u00f5es.R$<\/span><\/p>\t\t\t\t\t\t\t\t<\/div>\n\t\t\t\t<\/div>\n\t\t\t\t\t<\/div>\n\t\t<\/div>\n\t\t\t\t\t<\/div>\n\t\t<\/section>\n\t\t\t\t<section class=\"elementor-section elementor-top-section elementor-element elementor-element-2a2ffd2 elementor-section-boxed elementor-section-height-default elementor-section-height-default\" data-id=\"2a2ffd2\" data-element_type=\"section\" data-e-type=\"section\">\n\t\t\t\t\t\t<div class=\"elementor-container elementor-column-gap-default\">\n\t\t\t\t\t<div class=\"elementor-column elementor-col-100 elementor-top-column elementor-element elementor-element-9dc4e8f\" data-id=\"9dc4e8f\" data-element_type=\"column\" data-e-type=\"column\">\n\t\t\t<div class=\"elementor-widget-wrap elementor-element-populated\">\n\t\t\t\t\t\t<div class=\"elementor-element elementor-element-1f79196 elementor-widget elementor-widget-image\" data-id=\"1f79196\" data-element_type=\"widget\" data-e-type=\"widget\" data-widget_type=\"image.default\">\n\t\t\t\t<div class=\"elementor-widget-container\">\n\t\t\t\t\t\t\t\t\t\t\t\t\t\t\t\t<a href=\"http:\/\/api.whatsapp.com\/send?1=pt_BR&#038;phone=5551982492000\" target=\"_blank\">\n\t\t\t\t\t\t\t<img decoding=\"async\" width=\"768\" height=\"62\" src=\"https:\/\/casadooriente.com.br\/wp-content\/uploads\/2023\/03\/CONSULTA-768x62.png\" class=\"attachment-medium_large size-medium_large wp-image-1211\" alt=\"\" srcset=\"https:\/\/casadooriente.com.br\/wp-content\/uploads\/2023\/03\/CONSULTA-768x62.png 768w, https:\/\/casadooriente.com.br\/wp-content\/uploads\/2023\/03\/CONSULTA-300x24.png 300w, https:\/\/casadooriente.com.br\/wp-content\/uploads\/2023\/03\/CONSULTA-1024x82.png 1024w, https:\/\/casadooriente.com.br\/wp-content\/uploads\/2023\/03\/CONSULTA-1536x123.png 1536w, https:\/\/casadooriente.com.br\/wp-content\/uploads\/2023\/03\/CONSULTA-2048x164.png 2048w, https:\/\/casadooriente.com.br\/wp-content\/uploads\/2023\/03\/CONSULTA-1140x91.png 1140w\" sizes=\"(max-width: 768px) 100vw, 768px\" \/>\t\t\t\t\t\t\t\t<\/a>\n\t\t\t\t\t\t\t\t\t\t\t\t\t\t\t<\/div>\n\t\t\t\t<\/div>\n\t\t\t\t\t<\/div>\n\t\t<\/div>\n\t\t\t\t\t<\/div>\n\t\t<\/section>\n\t\t\t\t<section class=\"elementor-section elementor-top-section elementor-element elementor-element-831ea5b elementor-section-boxed elementor-section-height-default elementor-section-height-default\" data-id=\"831ea5b\" data-element_type=\"section\" data-e-type=\"section\">\n\t\t\t\t\t\t<div class=\"elementor-container elementor-column-gap-default\">\n\t\t\t\t\t<div class=\"elementor-column elementor-col-100 elementor-top-column elementor-element elementor-element-7f41f18\" data-id=\"7f41f18\" data-element_type=\"column\" data-e-type=\"column\">\n\t\t\t<div class=\"elementor-widget-wrap elementor-element-populated\">\n\t\t\t\t\t\t<div class=\"elementor-element elementor-element-578240b elementor-widget elementor-widget-spacer\" data-id=\"578240b\" data-element_type=\"widget\" data-e-type=\"widget\" data-widget_type=\"spacer.default\">\n\t\t\t\t<div class=\"elementor-widget-container\">\n\t\t\t\t\t\t\t<div class=\"elementor-spacer\">\n\t\t\t<div class=\"elementor-spacer-inner\"><\/div>\n\t\t<\/div>\n\t\t\t\t\t\t<\/div>\n\t\t\t\t<\/div>\n\t\t\t\t<div class=\"elementor-element elementor-element-da902a7 elementor-widget elementor-widget-image\" data-id=\"da902a7\" data-element_type=\"widget\" data-e-type=\"widget\" data-widget_type=\"image.default\">\n\t\t\t\t<div class=\"elementor-widget-container\">\n\t\t\t\t\t\t\t\t\t\t\t\t\t\t\t<img decoding=\"async\" width=\"768\" height=\"62\" src=\"https:\/\/casadooriente.com.br\/wp-content\/uploads\/2023\/03\/depoimentos-1-768x62.png\" class=\"attachment-medium_large size-medium_large wp-image-1363\" alt=\"\" srcset=\"https:\/\/casadooriente.com.br\/wp-content\/uploads\/2023\/03\/depoimentos-1-768x62.png 768w, https:\/\/casadooriente.com.br\/wp-content\/uploads\/2023\/03\/depoimentos-1-300x24.png 300w, https:\/\/casadooriente.com.br\/wp-content\/uploads\/2023\/03\/depoimentos-1-1024x82.png 1024w, https:\/\/casadooriente.com.br\/wp-content\/uploads\/2023\/03\/depoimentos-1-1536x123.png 1536w, https:\/\/casadooriente.com.br\/wp-content\/uploads\/2023\/03\/depoimentos-1-2048x164.png 2048w, https:\/\/casadooriente.com.br\/wp-content\/uploads\/2023\/03\/depoimentos-1-1140x91.png 1140w\" sizes=\"(max-width: 768px) 100vw, 768px\" \/>\t\t\t\t\t\t\t\t\t\t\t\t\t\t\t<\/div>\n\t\t\t\t<\/div>\n\t\t\t\t\t<\/div>\n\t\t<\/div>\n\t\t\t\t\t<\/div>\n\t\t<\/section>\n\t\t\t\t<section class=\"elementor-section elementor-top-section elementor-element elementor-element-7e9588c elementor-section-boxed elementor-section-height-default elementor-section-height-default\" data-id=\"7e9588c\" data-element_type=\"section\" data-e-type=\"section\">\n\t\t\t\t\t\t<div class=\"elementor-container elementor-column-gap-default\">\n\t\t\t\t\t<div class=\"elementor-column elementor-col-100 elementor-top-column elementor-element elementor-element-b7bb733\" data-id=\"b7bb733\" data-element_type=\"column\" data-e-type=\"column\">\n\t\t\t<div class=\"elementor-widget-wrap elementor-element-populated\">\n\t\t\t\t\t\t<div class=\"elementor-element elementor-element-338c8b8 elementor-widget elementor-widget-text-editor\" data-id=\"338c8b8\" data-element_type=\"widget\" data-e-type=\"widget\" data-widget_type=\"text-editor.default\">\n\t\t\t\t<div class=\"elementor-widget-container\">\n\t\t\t\t\t\t\t\t\t<p><b>ANDRESSA OLIVEIRA&nbsp;<\/b><\/p>\n<p>\u00c9 surpreendente ver os giros que a vida da. Eu estava acima do peso, n\u00e3o me sentia bem comigo mesma e queria mudar, mais especificamente emagrecer. Certo dia o meu boy Biason chega e diz que tem a esposa de um sargento que emagreceu um pessoal no quartel, fiquei interessada mas como sempre pensei que devia ser fazer dieta e exerc\u00edcios coisa que eu j\u00e1 tinha tentado.<\/p><p>Fiquei relutante e acabei indo em um encontro com a Pati, recebi uma rotina e comecei a seguir, senti uma energia de determina\u00e7\u00e3o como se as coisas estivessem para mudar. Conhecer esse mundo de Ayurveda foi mudando alguns h\u00e1bitos, mas principalmente minha vis\u00e3o de olhar para os alimentos e para meu corpo. O que ficou muito presente na minha mente \u00e9 que o corpo precisa de cuidados, a gente costuma esquecer que pra se sentir bem, precisa buscar o melhor e os alimentos que a natureza nos d\u00e1 ser\u00e1 sempre o necess\u00e1rio combust\u00edvel para a incr\u00edvel m\u00e1quina material.<\/p><p>Com o corpo mais forte e mais nutrido, senti muitas mudan\u00e7as na mente, consegui enxergar&nbsp; a import\u00e2ncia e a leveza que deve ser a busca pela melhor forma de viver. Procurando ent\u00e3o Pequil\u00edbrio entre os prazeres da vida e o meu dever como ser, livre e saud\u00e1vel, sigo nessa caminhada de auto cuidado e auto conhecimento. Namast\u00ea<\/p>\t\t\t\t\t\t\t\t<\/div>\n\t\t\t\t<\/div>\n\t\t\t\t\t<\/div>\n\t\t<\/div>\n\t\t\t\t\t<\/div>\n\t\t<\/section>\n\t\t\t\t<\/div>\n\t\t","protected":false},"excerpt":{"rendered":"<p>Ayurveda e Consultorias Acompanhamos in\u00fameros alunos de todo o pa\u00eds e exterior de forma online e com excelentes resultados.Pati Pizio \u00e9 Profissional de Educa\u00e7\u00e3o F\u00edsica, Professora de Yoga e Terapeuta Ayurveda com Especializa\u00e7\u00f5es na \u00cdndia. Em sua trajet\u00f3ria e investiga\u00e7\u00f5es sobre o corpo e a mente, foi Campe\u00e3 Brasileira Miss Fitness e possui extensa experi\u00eancia com transforma\u00e7\u00f5es f\u00edsicas e equil\u00edbrio dos corpos.\u00a0 Se voc\u00ea nos procurou \u00e9 porque busca algo diferente e est\u00e1 disposto a atingir um objetivo.E t\u00e3o importante quanto atingir o objetivo, \u00e9 aprender a manter o que conquistou.\u00a0 Dessa forma vamos te ensinar um estilo de vida pr\u00e1tico. A maneira de pensar e agir atrav\u00e9s da \u00f3tica da Ayurveda busca o equil\u00edbrio do corpo e da mente, obtendo sa\u00fade, bem estar e sua melhor forma.Tamb\u00e9m nos orienta a melhorar as nossas escolhas e comportamentos na vida social, familiar e nos integrar com o Todo. O Ayurveda \u00e9 uma ferramenta de autoconhecimento. O ATENDIMENTO \u00c9\u00a0 DE FORMA ONLINE VIA ZOOM E INCLUI: &#8211; Rotina para direcionar as melhores escolhas na alimenta\u00e7\u00e3o e no dia a dia.&#8211; Um planejamento individual da hora em que vc acordar at\u00e9 ir dormir, respeitando seu biotipo e necessidades (Dinacharya e Ahara).&#8211; Orienta\u00e7\u00e3o para escolher e prosseguir com atividade f\u00edsica. SOBRE VALOR:&#8211; R$ 290,00 PAGAMENTO:&#8211; O acerto pode ser por Pix ou cart\u00e3o de cr\u00e9dito. COMO INICIAMOS:&#8211; Agendamos a primeira consulta e anamnese.&#8211; O plano \u00e9 entregue em at\u00e9 7 dias \u00fateis ap\u00f3s a consulta.\u00a0 LEMBRE:Boa forma e sa\u00fade caminham juntas atrav\u00e9s de um estilo de vida equilibrado.Atinja seu objetivo e aprenda a manter os resultados! AYURVEDA: O que \u00e9?\u00a0Uma ci\u00eancia milenar indiana.\u00a0 Qual \u00e9 o objetivo?Proporcionar o equil\u00edbrio do corpo e da mente.\u00a0 Como?\u00a0Atrav\u00e9s de um estilo de vida saud\u00e1vel, rotina simples e alimenta\u00e7\u00e3o natural.\u00a0 O que \u00e9 poss\u00edvel obter?Sa\u00fade plena, equil\u00edbrio do metabolismo, transforma\u00e7\u00f5es do corpo f\u00edsico e mental, se sentir bem, real\u00e7ar sua beleza, se gostar ainda mais, se conhecer, ter clareza e foco mental, pacificar e gerenciar as emo\u00e7\u00f5es.R$ ANDRESSA OLIVEIRA&nbsp; \u00c9 surpreendente ver os giros que a vida da. Eu estava acima do peso, n\u00e3o me sentia bem comigo mesma e queria mudar, mais especificamente emagrecer. Certo dia o meu boy Biason chega e diz que tem a esposa de um sargento que emagreceu um pessoal no quartel, fiquei interessada mas como sempre pensei que devia ser fazer dieta e exerc\u00edcios coisa que eu j\u00e1 tinha tentado. Fiquei relutante e acabei indo em um encontro com a Pati, recebi uma rotina e comecei a seguir, senti uma energia de determina\u00e7\u00e3o como se as coisas estivessem para mudar. Conhecer esse mundo de Ayurveda foi mudando alguns h\u00e1bitos, mas principalmente minha vis\u00e3o de olhar para os alimentos e para meu corpo. O que ficou muito presente na minha mente \u00e9 que o corpo precisa de cuidados, a gente costuma esquecer que pra se sentir bem, precisa buscar o melhor e os alimentos que a natureza nos d\u00e1 ser\u00e1 sempre o necess\u00e1rio combust\u00edvel para a incr\u00edvel m\u00e1quina material. Com o corpo mais forte e mais nutrido, senti muitas mudan\u00e7as na mente, consegui enxergar&nbsp; a import\u00e2ncia e a leveza que deve ser a busca pela melhor forma de viver. Procurando ent\u00e3o Pequil\u00edbrio entre os prazeres da vida e o meu dever como ser, livre e saud\u00e1vel, sigo nessa caminhada de auto cuidado e auto conhecimento. Namast\u00ea<\/p>\n","protected":false},"author":1,"featured_media":0,"parent":0,"menu_order":0,"comment_status":"closed","ping_status":"closed","template":"","meta":{"_eb_attr":"","footnotes":""},"class_list":["post-445","page","type-page","status-publish","hentry"],"_links":{"self":[{"href":"https:\/\/casadooriente.com.br\/index.php?rest_route=\/wp\/v2\/pages\/445","targetHints":{"allow":["GET"]}}],"collection":[{"href":"https:\/\/casadooriente.com.br\/index.php?rest_route=\/wp\/v2\/pages"}],"about":[{"href":"https:\/\/casadooriente.com.br\/index.php?rest_route=\/wp\/v2\/types\/page"}],"author":[{"embeddable":true,"href":"https:\/\/casadooriente.com.br\/index.php?rest_route=\/wp\/v2\/users\/1"}],"replies":[{"embeddable":true,"href":"https:\/\/casadooriente.com.br\/index.php?rest_route=%2Fwp%2Fv2%2Fcomments&post=445"}],"version-history":[{"count":36,"href":"https:\/\/casadooriente.com.br\/index.php?rest_route=\/wp\/v2\/pages\/445\/revisions"}],"predecessor-version":[{"id":1836,"href":"https:\/\/casadooriente.com.br\/index.php?rest_route=\/wp\/v2\/pages\/445\/revisions\/1836"}],"wp:attachment":[{"href":"https:\/\/casadooriente.com.br\/index.php?rest_route=%2Fwp%2Fv2%2Fmedia&parent=445"}],"curies":[{"name":"wp","href":"https:\/\/api.w.org\/{rel}","templated":true}]}}