{"id":444,"date":"2021-12-08T19:18:58","date_gmt":"2021-12-08T19:18:58","guid":{"rendered":"https:\/\/casadooriente.com.br\/?page_id=444"},"modified":"2023-03-17T14:24:38","modified_gmt":"2023-03-17T14:24:38","slug":"curso-kung-fu","status":"publish","type":"page","link":"https:\/\/casadooriente.com.br\/?page_id=444","title":{"rendered":""},"content":{"rendered":"\t\t<div data-elementor-type=\"wp-page\" data-elementor-id=\"444\" class=\"elementor elementor-444\">\n\t\t\t\t\t\t<section class=\"elementor-section elementor-top-section elementor-element elementor-element-0f47d9c elementor-section-boxed elementor-section-height-default elementor-section-height-default\" data-id=\"0f47d9c\" data-element_type=\"section\" data-e-type=\"section\">\n\t\t\t\t\t\t<div class=\"elementor-container elementor-column-gap-default\">\n\t\t\t\t\t<div class=\"elementor-column elementor-col-100 elementor-top-column elementor-element elementor-element-27d1d2f\" data-id=\"27d1d2f\" data-element_type=\"column\" data-e-type=\"column\">\n\t\t\t<div class=\"elementor-widget-wrap elementor-element-populated\">\n\t\t\t\t\t\t<div class=\"elementor-element elementor-element-1095467 elementor-widget elementor-widget-heading\" data-id=\"1095467\" data-element_type=\"widget\" data-e-type=\"widget\" data-widget_type=\"heading.default\">\n\t\t\t\t<div class=\"elementor-widget-container\">\n\t\t\t\t\t<h2 class=\"elementor-heading-title elementor-size-default\">Curso de Wing Chun<\/h2>\t\t\t\t<\/div>\n\t\t\t\t<\/div>\n\t\t\t\t\t<\/div>\n\t\t<\/div>\n\t\t\t\t\t<\/div>\n\t\t<\/section>\n\t\t\t\t<section class=\"elementor-section elementor-top-section elementor-element elementor-element-96c515d elementor-section-boxed elementor-section-height-default elementor-section-height-default\" data-id=\"96c515d\" data-element_type=\"section\" data-e-type=\"section\">\n\t\t\t\t\t\t<div class=\"elementor-container elementor-column-gap-default\">\n\t\t\t\t\t<div class=\"elementor-column elementor-col-100 elementor-top-column elementor-element elementor-element-eaf557c\" data-id=\"eaf557c\" data-element_type=\"column\" data-e-type=\"column\">\n\t\t\t<div class=\"elementor-widget-wrap elementor-element-populated\">\n\t\t\t\t\t\t<div class=\"elementor-element elementor-element-1e494ad elementor-widget elementor-widget-image\" data-id=\"1e494ad\" data-element_type=\"widget\" data-e-type=\"widget\" data-widget_type=\"image.default\">\n\t\t\t\t<div class=\"elementor-widget-container\">\n\t\t\t\t\t\t\t\t\t\t\t\t\t\t\t<img fetchpriority=\"high\" decoding=\"async\" width=\"300\" height=\"300\" src=\"https:\/\/casadooriente.com.br\/wp-content\/uploads\/2021\/12\/WING-CHUN-CARD-CURSO-2021-INSTRUTORES-300x300.png\" class=\"attachment-medium size-medium wp-image-431\" alt=\"\" srcset=\"https:\/\/casadooriente.com.br\/wp-content\/uploads\/2021\/12\/WING-CHUN-CARD-CURSO-2021-INSTRUTORES-300x300.png 300w, https:\/\/casadooriente.com.br\/wp-content\/uploads\/2021\/12\/WING-CHUN-CARD-CURSO-2021-INSTRUTORES-1024x1024.png 1024w, https:\/\/casadooriente.com.br\/wp-content\/uploads\/2021\/12\/WING-CHUN-CARD-CURSO-2021-INSTRUTORES-150x150.png 150w, https:\/\/casadooriente.com.br\/wp-content\/uploads\/2021\/12\/WING-CHUN-CARD-CURSO-2021-INSTRUTORES-768x768.png 768w, https:\/\/casadooriente.com.br\/wp-content\/uploads\/2021\/12\/WING-CHUN-CARD-CURSO-2021-INSTRUTORES-1536x1536.png 1536w, https:\/\/casadooriente.com.br\/wp-content\/uploads\/2021\/12\/WING-CHUN-CARD-CURSO-2021-INSTRUTORES-2048x2048.png 2048w, https:\/\/casadooriente.com.br\/wp-content\/uploads\/2021\/12\/WING-CHUN-CARD-CURSO-2021-INSTRUTORES-1568x1568.png 1568w\" sizes=\"(max-width: 300px) 100vw, 300px\" \/>\t\t\t\t\t\t\t\t\t\t\t\t\t\t\t<\/div>\n\t\t\t\t<\/div>\n\t\t\t\t\t<\/div>\n\t\t<\/div>\n\t\t\t\t\t<\/div>\n\t\t<\/section>\n\t\t\t\t<section class=\"elementor-section elementor-top-section elementor-element elementor-element-6484c65 elementor-section-boxed elementor-section-height-default elementor-section-height-default\" data-id=\"6484c65\" data-element_type=\"section\" data-e-type=\"section\">\n\t\t\t\t\t\t<div class=\"elementor-container elementor-column-gap-default\">\n\t\t\t\t\t<div class=\"elementor-column elementor-col-100 elementor-top-column elementor-element elementor-element-dd67e05\" data-id=\"dd67e05\" data-element_type=\"column\" data-e-type=\"column\">\n\t\t\t<div class=\"elementor-widget-wrap elementor-element-populated\">\n\t\t\t\t\t\t<div class=\"elementor-element elementor-element-d8e7bac elementor-widget elementor-widget-image\" data-id=\"d8e7bac\" data-element_type=\"widget\" data-e-type=\"widget\" data-widget_type=\"image.default\">\n\t\t\t\t<div class=\"elementor-widget-container\">\n\t\t\t\t\t\t\t\t\t\t\t\t\t\t\t\t<a href=\"http:\/\/api.whatsapp.com\/send?1=pt_BR&#038;phone=5551982492000\">\n\t\t\t\t\t\t\t<img decoding=\"async\" width=\"768\" height=\"61\" src=\"https:\/\/casadooriente.com.br\/wp-content\/uploads\/2023\/03\/CLIQUEAQUI02-1-768x61.png\" class=\"attachment-medium_large size-medium_large wp-image-1096\" alt=\"\" srcset=\"https:\/\/casadooriente.com.br\/wp-content\/uploads\/2023\/03\/CLIQUEAQUI02-1-768x61.png 768w, https:\/\/casadooriente.com.br\/wp-content\/uploads\/2023\/03\/CLIQUEAQUI02-1-300x24.png 300w, https:\/\/casadooriente.com.br\/wp-content\/uploads\/2023\/03\/CLIQUEAQUI02-1-1024x82.png 1024w, https:\/\/casadooriente.com.br\/wp-content\/uploads\/2023\/03\/CLIQUEAQUI02-1-1536x123.png 1536w, https:\/\/casadooriente.com.br\/wp-content\/uploads\/2023\/03\/CLIQUEAQUI02-1-2048x164.png 2048w, https:\/\/casadooriente.com.br\/wp-content\/uploads\/2023\/03\/CLIQUEAQUI02-1-1140x91.png 1140w\" sizes=\"(max-width: 768px) 100vw, 768px\" \/>\t\t\t\t\t\t\t\t<\/a>\n\t\t\t\t\t\t\t\t\t\t\t\t\t\t\t<\/div>\n\t\t\t\t<\/div>\n\t\t\t\t\t<\/div>\n\t\t<\/div>\n\t\t\t\t\t<\/div>\n\t\t<\/section>\n\t\t\t\t<section class=\"elementor-section elementor-top-section elementor-element elementor-element-3506116 elementor-section-boxed elementor-section-height-default elementor-section-height-default\" data-id=\"3506116\" data-element_type=\"section\" data-e-type=\"section\">\n\t\t\t\t\t\t<div class=\"elementor-container elementor-column-gap-default\">\n\t\t\t\t\t<div class=\"elementor-column elementor-col-100 elementor-top-column elementor-element elementor-element-564754b\" data-id=\"564754b\" data-element_type=\"column\" data-e-type=\"column\">\n\t\t\t<div class=\"elementor-widget-wrap elementor-element-populated\">\n\t\t\t\t\t\t<div class=\"elementor-element elementor-element-d59d330 elementor-widget elementor-widget-text-editor\" data-id=\"d59d330\" data-element_type=\"widget\" data-e-type=\"widget\" data-widget_type=\"text-editor.default\">\n\t\t\t\t<div class=\"elementor-widget-container\">\n\t\t\t\t\t\t\t\t\t<p>CONSULTE DATAS CONOSCO.<br><span style=\"font-family: var( --e-global-typography-text-font-family ), Sans-serif; font-weight: var( --e-global-typography-text-font-weight ); letter-spacing: 0px;\">PR\u00c1TICA, TEORIA E FILOSOFIA.<br><\/span><span style=\"font-family: var( --e-global-typography-text-font-family ), Sans-serif; font-weight: var( --e-global-typography-text-font-weight ); letter-spacing: 0px;\">UM CURSO EXCLUSIVO.<br><\/span><span style=\"font-family: var( --e-global-typography-text-font-family ), Sans-serif; font-weight: var( --e-global-typography-text-font-weight ); letter-spacing: 0px;\">WING CHUN A CI\u00caNCIA DA DEFESA PESSOAL.<\/span><\/p><p><span style=\"font-family: var( --e-global-typography-text-font-family ), Sans-serif; font-weight: var( --e-global-typography-text-font-weight ); letter-spacing: 0px;\">COMO ACONTECER\u00c1?<\/span><\/p><p><span style=\"font-family: var( --e-global-typography-text-font-family ), Sans-serif; font-weight: var( --e-global-typography-text-font-weight ); letter-spacing: 0px;\">&#8211; Formato Presencial (poucas vagas dispon\u00edveis).<\/span><\/p><p><span style=\"font-family: var( --e-global-typography-text-font-family ), Sans-serif; font-weight: var( --e-global-typography-text-font-weight ); letter-spacing: 0px;\">&#8211; Pr\u00e1tica, Teoria e Filosofia.<\/span><\/p>\n<p>&#8211; Com Certificado e Gradua\u00e7\u00e3o Inclusos. Mediante testes de profici\u00eancia t\u00e9cnica o aluno poder\u00e1 vir a receber uma Autoriza\u00e7\u00e3o para in\u00edcio de uma turma em sua cidade sob supervis\u00e3o do Mestre.<\/p>\n<p><\/p>\n<p>&nbsp;O QUE ESTUDAREMOS?<\/p>\n<p>&#8211; O que \u00e9 Wing Chun e para que serve?<\/p>\n<p>&#8211; O que \u00e9 Kung Fu?<\/p>\n<p>&#8211; Hist\u00f3ria do Wing Chun.<\/p>\n<p>&#8211; O que \u00e9 o cultivo da energia interior, o Chi Kung (Qi Gong)?<\/p>\n<p>&#8211; Rela\u00e7\u00e3o\/Conex\u00e3o Wing Chun e o Chi.<\/p>\n<p>&#8211; Fisiologia Sutil Chinesa, os tipos de Chi e o que s\u00e3o os Meridianos?<\/p>\n<p>&#8211; Os fundamentos da pr\u00e1tica.<\/p>\n<p>&#8211; Yee Ji Kim Yeung Mah, a Base de Adu\u00e7\u00e3o.<\/p>\n<p>&#8211; Footwork.<\/p>\n<p>&#8211; O poderoso soco do Wing Chun, o Punho do Sol.<\/p>\n<p>&#8211; Estudo aprofundado do Siu Lin Tao, a primeira forma do sistema e suas aplica\u00e7\u00f5es reais em combate.<\/p>\n<p>&#8211; Primeira se\u00e7\u00e3o do Muk Yan Jong, a forma de Boneco de Madeira.<\/p>\n<p>&#8211; Chutes.<\/p>\n<p>&#8211; Golpes de membros superiores.<\/p>\n<p>&#8211; Chi Sao, Sticky Hands, M\u00e3os Pegajosas.<\/p>\n<p>&#8211; O uso de manoplas e batedores no treinamento.<\/p>\n<p>&#8211; Defesas.<\/p>\n<p>&#8211; T\u00e9cnicas sistematizadas para potencializar o treinamento.<\/p>\n<p>&#8211; Drills, uma das chaves do sucesso no treinamento do Wing Chun.<\/p>\n<p>&#8211; Calejamentos.<\/p>\n<p>&#8211; Siu Lin Tao Interno e Exerc\u00edcios de Chi Kung, voltados para o Wing Chun.<\/p>\n<p>&#8211; Instru\u00e7\u00f5es para praticar com seguran\u00e7a.<\/p>\n<p><\/p>\n<p>ATEN\u00c7\u00c3O<\/p>\n<p>Praticantes de Artes Marciais que buscam se tornar um instrutor, este curso n\u00e3o forma voc\u00ea um instrutor por completo, mas sim \u00e9 um m\u00f3dulo inicial para come\u00e7ar um trabalho com uma pequena turma e se desenvolver com o tempo e o treinamento adequado.<\/p>\n<p>O caminho para se tornar um instrutor \u00e9 longo e \u00e1rduo, mas muito gratificante. A melhor forma de se evoluir no treinamento \u00e9 ensinando.<\/p>\n<p>Esta \u00e9 uma \u00f3tima porta de entrada para essa jornada, voc\u00ea contar\u00e1 com todo o apoio do Mestre com seus mais de 22 anos dedicados \u00e0s Artes Marciais.<\/p>\n<p><\/p>\n<p>PARA QUEM \u00c9 ESTE CURSO?<\/p>\n<p>&#8211; Todas as pessoas que desejam iniciar ou praticantes que queiram aprofundar no Universo deste magn\u00edfico e \u00fanico Sistema Marcial.<\/p>\n<p>&#8211; Para amantes das Artes Marciais.<\/p>\n<p>&#8211; Praticantes de Artes Marciais que desejam estudar seriamente Wing Chun e compreender os preceitos do Kung Fu.<\/p>\n<p>&#8211; Para quem busca um sistema eficiente de Defesa Pessoal Real.<\/p>\n<p>&#8211; Praticantes que querem consolidar sua pr\u00e1tica di\u00e1ria e talvez se tornar um instrutor.<\/p>\n<p>&#8211; Para quem se interessa pela Filosofia Chinesa.<\/p>\n<p>&#8211; Para quem busca sa\u00fade e longevidade.<\/p>\n<p>&#8211; Para quem busca uma atividade integral, que n\u00e3o precise de complementos, que seja eficiente para o corpo e para a mente.<\/p>\n<p>&#8211; N\u00e3o \u00e9 necess\u00e1rio conhecimento pr\u00e9vio.<\/p>\n<p><\/p>\n<p>SOBRE A ESCOLA<\/p>\n<p>A Casa do Oriente \u00e9 a Maior Escola de Kung Fu e Tai Chi Chuan da Regi\u00e3o.<\/p>\n<p>Desde 2017 especializada em Pr\u00e1ticas Orientais, j\u00e1 tendo trazido Renomados Mestres do Exterior para treinamentos com os praticantes, sempre buscando o que h\u00e1 de mais avan\u00e7ado no mundo na \u00e1rea.<\/p>\n<p>A Escola \u00e9 uma Entidade Independente, n\u00e3o atrelada a Federa\u00e7\u00f5es, contando com sistemas de treinamento \u00fanicos e diferenciados no Brasil, j\u00e1 consolidados e aprovados por centenas de alunos.<\/p>\n<p>Voc\u00ea aprender\u00e1 um m\u00e9todo de treinamento e ensino exclusivos.<\/p>\n<p>Veja e se inscreva no nosso Canal de YouTube, Casa do Oriente, repleto de v\u00eddeos e incluindo um curso de Wing Chun B\u00e1sico Completo.<\/p>\n<p>No Instagram encontre em @casadoorientenh.<\/p>\n<p><\/p>\n<p>SE VOC\u00ca TEM INTERESSE EM FAZER O CURSO A CASA DO ORIENTE LHE FAZ UM CONVITE ESPECIAL \u2193\u2193\u2193<\/p>\n<p>Venha conhecer a Escola e fazer um treino cortesia para conhecer a pot\u00eancia deste sistema.<\/p>\n<p>N\u00e3o acredite em nada, teste e sinta voc\u00ea mesmo.<\/p>\n<p><\/p>\n<p>SOBRE O MENTOR<\/p>\n<p>Mestre Tonatto tem experi\u00eancia de mais de 22 anos dedicados \u00e0s artes marciais, com milhares de alunos atendidos at\u00e9 este momento.<\/p>\n<p>\u00c9 Sargento de Carreira do Ex\u00e9rcito Brasileiro. Ministra instru\u00e7\u00f5es de defesa pessoal a centenas de militares em forma\u00e7\u00f5es e prepara\u00e7\u00e3o para miss\u00f5es reais.<\/p>\n<p>Desenvolve um sistema de treinamento \u00fanico no pa\u00eds, com uma abordagem de aplica\u00e7\u00e3o real, n\u00edvel m\u00e1ximo da arte e da pr\u00e1tica dos movimentos. Com m\u00e9todos de treinamento exclusivos.<\/p>\n<p>Treinamento em Wing Chun Traditional e Tai Chi Chuan Chen em Paris, com o renomado Mestre Didier Beddar.<\/p>\n<p>Treinamento com Emin Boztepe de Los Angeles, um dos lend\u00e1rios nomes do Wing Chun.<\/p>\n<p>Treinamentos com Lap Wah de S\u00e3o Paulo e Kwok Wah de Hong Kong.<\/p>\n<p>Professor de Tai Chi Chuan Yang e Chi Kung com as maiores turmas da Regi\u00e3o Metropolitana.<\/p>\n<p>Disc\u00edpulo do Grande Nome do Tai Chi Chuan no Estado, Mestre S\u00e9rgio Queiroz de Porto Alegre.<\/p>\n<p>Primeiro Instrutor de Krav Maga de Novo Hamburgo e Regi\u00e3o, desde 2016, formado em Krav Maga Operacional com Mestre Gabi Shai de Israel. \u00danica Escola especializada em Policiais, Militares e Seguran\u00e7as.<\/p>\n<p>Instrutor de Bast\u00e3o Retr\u00e1til Policial, 2017.<\/p>\n<p>Faixa Preta World Taekwondo Federation, 1\u00ba, 2\u00ba e 3\u00b0 DAN, 2006, 2007, 2009.<\/p>\n<p>Faixa Preta de Hapkido UYK, 1\u00b0 DAN, 2008.<\/p>\t\t\t\t\t\t\t\t<\/div>\n\t\t\t\t<\/div>\n\t\t\t\t\t<\/div>\n\t\t<\/div>\n\t\t\t\t\t<\/div>\n\t\t<\/section>\n\t\t\t\t<section class=\"elementor-section elementor-top-section elementor-element elementor-element-246555a elementor-section-boxed elementor-section-height-default elementor-section-height-default\" data-id=\"246555a\" data-element_type=\"section\" data-e-type=\"section\">\n\t\t\t\t\t\t<div class=\"elementor-container elementor-column-gap-default\">\n\t\t\t\t\t<div class=\"elementor-column elementor-col-100 elementor-top-column elementor-element elementor-element-292b2c4\" data-id=\"292b2c4\" data-element_type=\"column\" data-e-type=\"column\">\n\t\t\t<div class=\"elementor-widget-wrap elementor-element-populated\">\n\t\t\t\t\t\t<div class=\"elementor-element elementor-element-5c1abac elementor-widget elementor-widget-image\" data-id=\"5c1abac\" data-element_type=\"widget\" data-e-type=\"widget\" data-widget_type=\"image.default\">\n\t\t\t\t<div class=\"elementor-widget-container\">\n\t\t\t\t\t\t\t\t\t\t\t\t\t\t\t\t<a href=\"http:\/\/api.whatsapp.com\/send?1=pt_BR&#038;phone=5551982492000\">\n\t\t\t\t\t\t\t<img decoding=\"async\" width=\"768\" height=\"61\" src=\"https:\/\/casadooriente.com.br\/wp-content\/uploads\/2023\/03\/CLIQUEAQUI02-1-768x61.png\" class=\"attachment-medium_large size-medium_large wp-image-1096\" alt=\"\" srcset=\"https:\/\/casadooriente.com.br\/wp-content\/uploads\/2023\/03\/CLIQUEAQUI02-1-768x61.png 768w, https:\/\/casadooriente.com.br\/wp-content\/uploads\/2023\/03\/CLIQUEAQUI02-1-300x24.png 300w, https:\/\/casadooriente.com.br\/wp-content\/uploads\/2023\/03\/CLIQUEAQUI02-1-1024x82.png 1024w, https:\/\/casadooriente.com.br\/wp-content\/uploads\/2023\/03\/CLIQUEAQUI02-1-1536x123.png 1536w, https:\/\/casadooriente.com.br\/wp-content\/uploads\/2023\/03\/CLIQUEAQUI02-1-2048x164.png 2048w, https:\/\/casadooriente.com.br\/wp-content\/uploads\/2023\/03\/CLIQUEAQUI02-1-1140x91.png 1140w\" sizes=\"(max-width: 768px) 100vw, 768px\" \/>\t\t\t\t\t\t\t\t<\/a>\n\t\t\t\t\t\t\t\t\t\t\t\t\t\t\t<\/div>\n\t\t\t\t<\/div>\n\t\t\t\t\t<\/div>\n\t\t<\/div>\n\t\t\t\t\t<\/div>\n\t\t<\/section>\n\t\t\t\t<\/div>\n\t\t","protected":false},"excerpt":{"rendered":"<p>Curso de Wing Chun CONSULTE DATAS CONOSCO.PR\u00c1TICA, TEORIA E FILOSOFIA.UM CURSO EXCLUSIVO.WING CHUN A CI\u00caNCIA DA DEFESA PESSOAL. COMO ACONTECER\u00c1? &#8211; Formato Presencial (poucas vagas dispon\u00edveis). &#8211; Pr\u00e1tica, Teoria e Filosofia. &#8211; Com Certificado e Gradua\u00e7\u00e3o Inclusos. Mediante testes de profici\u00eancia t\u00e9cnica o aluno poder\u00e1 vir a receber uma Autoriza\u00e7\u00e3o para in\u00edcio de uma turma em sua cidade sob supervis\u00e3o do Mestre. &nbsp;O QUE ESTUDAREMOS? &#8211; O que \u00e9 Wing Chun e para que serve? &#8211; O que \u00e9 Kung Fu? &#8211; Hist\u00f3ria do Wing Chun. &#8211; O que \u00e9 o cultivo da energia interior, o Chi Kung (Qi Gong)? &#8211; Rela\u00e7\u00e3o\/Conex\u00e3o Wing Chun e o Chi. &#8211; Fisiologia Sutil Chinesa, os tipos de Chi e o que s\u00e3o os Meridianos? &#8211; Os fundamentos da pr\u00e1tica. &#8211; Yee Ji Kim Yeung Mah, a Base de Adu\u00e7\u00e3o. &#8211; Footwork. &#8211; O poderoso soco do Wing Chun, o Punho do Sol. &#8211; Estudo aprofundado do Siu Lin Tao, a primeira forma do sistema e suas aplica\u00e7\u00f5es reais em combate. &#8211; Primeira se\u00e7\u00e3o do Muk Yan Jong, a forma de Boneco de Madeira. &#8211; Chutes. &#8211; Golpes de membros superiores. &#8211; Chi Sao, Sticky Hands, M\u00e3os Pegajosas. &#8211; O uso de manoplas e batedores no treinamento. &#8211; Defesas. &#8211; T\u00e9cnicas sistematizadas para potencializar o treinamento. &#8211; Drills, uma das chaves do sucesso no treinamento do Wing Chun. &#8211; Calejamentos. &#8211; Siu Lin Tao Interno e Exerc\u00edcios de Chi Kung, voltados para o Wing Chun. &#8211; Instru\u00e7\u00f5es para praticar com seguran\u00e7a. ATEN\u00c7\u00c3O Praticantes de Artes Marciais que buscam se tornar um instrutor, este curso n\u00e3o forma voc\u00ea um instrutor por completo, mas sim \u00e9 um m\u00f3dulo inicial para come\u00e7ar um trabalho com uma pequena turma e se desenvolver com o tempo e o treinamento adequado. O caminho para se tornar um instrutor \u00e9 longo e \u00e1rduo, mas muito gratificante. A melhor forma de se evoluir no treinamento \u00e9 ensinando. Esta \u00e9 uma \u00f3tima porta de entrada para essa jornada, voc\u00ea contar\u00e1 com todo o apoio do Mestre com seus mais de 22 anos dedicados \u00e0s Artes Marciais. PARA QUEM \u00c9 ESTE CURSO? &#8211; Todas as pessoas que desejam iniciar ou praticantes que queiram aprofundar no Universo deste magn\u00edfico e \u00fanico Sistema Marcial. &#8211; Para amantes das Artes Marciais. &#8211; Praticantes de Artes Marciais que desejam estudar seriamente Wing Chun e compreender os preceitos do Kung Fu. &#8211; Para quem busca um sistema eficiente de Defesa Pessoal Real. &#8211; Praticantes que querem consolidar sua pr\u00e1tica di\u00e1ria e talvez se tornar um instrutor. &#8211; Para quem se interessa pela Filosofia Chinesa. &#8211; Para quem busca sa\u00fade e longevidade. &#8211; Para quem busca uma atividade integral, que n\u00e3o precise de complementos, que seja eficiente para o corpo e para a mente. &#8211; N\u00e3o \u00e9 necess\u00e1rio conhecimento pr\u00e9vio. SOBRE A ESCOLA A Casa do Oriente \u00e9 a Maior Escola de Kung Fu e Tai Chi Chuan da Regi\u00e3o. Desde 2017 especializada em Pr\u00e1ticas Orientais, j\u00e1 tendo trazido Renomados Mestres do Exterior para treinamentos com os praticantes, sempre buscando o que h\u00e1 de mais avan\u00e7ado no mundo na \u00e1rea. A Escola \u00e9 uma Entidade Independente, n\u00e3o atrelada a Federa\u00e7\u00f5es, contando com sistemas de treinamento \u00fanicos e diferenciados no Brasil, j\u00e1 consolidados e aprovados por centenas de alunos. Voc\u00ea aprender\u00e1 um m\u00e9todo de treinamento e ensino exclusivos. Veja e se inscreva no nosso Canal de YouTube, Casa do Oriente, repleto de v\u00eddeos e incluindo um curso de Wing Chun B\u00e1sico Completo. No Instagram encontre em @casadoorientenh. SE VOC\u00ca TEM INTERESSE EM FAZER O CURSO A CASA DO ORIENTE LHE FAZ UM CONVITE ESPECIAL \u2193\u2193\u2193 Venha conhecer a Escola e fazer um treino cortesia para conhecer a pot\u00eancia deste sistema. N\u00e3o acredite em nada, teste e sinta voc\u00ea mesmo. SOBRE O MENTOR Mestre Tonatto tem experi\u00eancia de mais de 22 anos dedicados \u00e0s artes marciais, com milhares de alunos atendidos at\u00e9 este momento. \u00c9 Sargento de Carreira do Ex\u00e9rcito Brasileiro. Ministra instru\u00e7\u00f5es de defesa pessoal a centenas de militares em forma\u00e7\u00f5es e prepara\u00e7\u00e3o para miss\u00f5es reais. Desenvolve um sistema de treinamento \u00fanico no pa\u00eds, com uma abordagem de aplica\u00e7\u00e3o real, n\u00edvel m\u00e1ximo da arte e da pr\u00e1tica dos movimentos. Com m\u00e9todos de treinamento exclusivos. Treinamento em Wing Chun Traditional e Tai Chi Chuan Chen em Paris, com o renomado Mestre Didier Beddar. Treinamento com Emin Boztepe de Los Angeles, um dos lend\u00e1rios nomes do Wing Chun. Treinamentos com Lap Wah de S\u00e3o Paulo e Kwok Wah de Hong Kong. Professor de Tai Chi Chuan Yang e Chi Kung com as maiores turmas da Regi\u00e3o Metropolitana. Disc\u00edpulo do Grande Nome do Tai Chi Chuan no Estado, Mestre S\u00e9rgio Queiroz de Porto Alegre. Primeiro Instrutor de Krav Maga de Novo Hamburgo e Regi\u00e3o, desde 2016, formado em Krav Maga Operacional com Mestre Gabi Shai de Israel. \u00danica Escola especializada em Policiais, Militares e Seguran\u00e7as. Instrutor de Bast\u00e3o Retr\u00e1til Policial, 2017. Faixa Preta World Taekwondo Federation, 1\u00ba, 2\u00ba e 3\u00b0 DAN, 2006, 2007, 2009. Faixa Preta de Hapkido UYK, 1\u00b0 DAN, 2008.<\/p>\n","protected":false},"author":1,"featured_media":0,"parent":0,"menu_order":0,"comment_status":"closed","ping_status":"closed","template":"","meta":{"_eb_attr":"","footnotes":""},"class_list":["post-444","page","type-page","status-publish","hentry"],"_links":{"self":[{"href":"https:\/\/casadooriente.com.br\/index.php?rest_route=\/wp\/v2\/pages\/444","targetHints":{"allow":["GET"]}}],"collection":[{"href":"https:\/\/casadooriente.com.br\/index.php?rest_route=\/wp\/v2\/pages"}],"about":[{"href":"https:\/\/casadooriente.com.br\/index.php?rest_route=\/wp\/v2\/types\/page"}],"author":[{"embeddable":true,"href":"https:\/\/casadooriente.com.br\/index.php?rest_route=\/wp\/v2\/users\/1"}],"replies":[{"embeddable":true,"href":"https:\/\/casadooriente.com.br\/index.php?rest_route=%2Fwp%2Fv2%2Fcomments&post=444"}],"version-history":[{"count":47,"href":"https:\/\/casadooriente.com.br\/index.php?rest_route=\/wp\/v2\/pages\/444\/revisions"}],"predecessor-version":[{"id":1744,"href":"https:\/\/casadooriente.com.br\/index.php?rest_route=\/wp\/v2\/pages\/444\/revisions\/1744"}],"wp:attachment":[{"href":"https:\/\/casadooriente.com.br\/index.php?rest_route=%2Fwp%2Fv2%2Fmedia&parent=444"}],"curies":[{"name":"wp","href":"https:\/\/api.w.org\/{rel}","templated":true}]}}