{"id":443,"date":"2021-12-08T19:18:51","date_gmt":"2021-12-08T19:18:51","guid":{"rendered":"https:\/\/casadooriente.com.br\/?page_id=443"},"modified":"2023-03-23T01:42:16","modified_gmt":"2023-03-23T01:42:16","slug":"curso-yoga","status":"publish","type":"page","link":"https:\/\/casadooriente.com.br\/?page_id=443","title":{"rendered":""},"content":{"rendered":"\t\t<div data-elementor-type=\"wp-page\" data-elementor-id=\"443\" class=\"elementor elementor-443\">\n\t\t\t\t\t\t<section class=\"elementor-section elementor-top-section elementor-element elementor-element-7ac8c78 elementor-section-boxed elementor-section-height-default elementor-section-height-default\" data-id=\"7ac8c78\" data-element_type=\"section\" data-e-type=\"section\">\n\t\t\t\t\t\t<div class=\"elementor-container elementor-column-gap-default\">\n\t\t\t\t\t<div class=\"elementor-column elementor-col-100 elementor-top-column elementor-element elementor-element-170e982\" data-id=\"170e982\" data-element_type=\"column\" data-e-type=\"column\">\n\t\t\t<div class=\"elementor-widget-wrap elementor-element-populated\">\n\t\t\t\t\t\t<div class=\"elementor-element elementor-element-57f86dd elementor-widget elementor-widget-heading\" data-id=\"57f86dd\" data-element_type=\"widget\" data-e-type=\"widget\" data-widget_type=\"heading.default\">\n\t\t\t\t<div class=\"elementor-widget-container\">\n\t\t\t\t\t<h2 class=\"elementor-heading-title elementor-size-default\">Curso de Yoga<\/h2>\t\t\t\t<\/div>\n\t\t\t\t<\/div>\n\t\t\t\t\t<\/div>\n\t\t<\/div>\n\t\t\t\t\t<\/div>\n\t\t<\/section>\n\t\t\t\t<section class=\"elementor-section elementor-top-section elementor-element elementor-element-c76da72 elementor-section-boxed elementor-section-height-default elementor-section-height-default\" data-id=\"c76da72\" data-element_type=\"section\" data-e-type=\"section\">\n\t\t\t\t\t\t<div class=\"elementor-container elementor-column-gap-default\">\n\t\t\t\t\t<div class=\"elementor-column elementor-col-100 elementor-top-column elementor-element elementor-element-f390584\" data-id=\"f390584\" data-element_type=\"column\" data-e-type=\"column\">\n\t\t\t<div class=\"elementor-widget-wrap elementor-element-populated\">\n\t\t\t\t\t\t<div class=\"elementor-element elementor-element-2105fea elementor-widget elementor-widget-image\" data-id=\"2105fea\" data-element_type=\"widget\" data-e-type=\"widget\" data-widget_type=\"image.default\">\n\t\t\t\t<div class=\"elementor-widget-container\">\n\t\t\t\t\t\t\t\t\t\t\t\t\t\t\t<img fetchpriority=\"high\" decoding=\"async\" width=\"512\" height=\"512\" src=\"https:\/\/casadooriente.com.br\/wp-content\/uploads\/2021\/12\/YOGA-FORMACAO-CARD-CURSO-2022-MINI.png\" class=\"attachment-large size-large wp-image-433\" alt=\"\" srcset=\"https:\/\/casadooriente.com.br\/wp-content\/uploads\/2021\/12\/YOGA-FORMACAO-CARD-CURSO-2022-MINI.png 512w, https:\/\/casadooriente.com.br\/wp-content\/uploads\/2021\/12\/YOGA-FORMACAO-CARD-CURSO-2022-MINI-300x300.png 300w, https:\/\/casadooriente.com.br\/wp-content\/uploads\/2021\/12\/YOGA-FORMACAO-CARD-CURSO-2022-MINI-150x150.png 150w\" sizes=\"(max-width: 512px) 100vw, 512px\" \/>\t\t\t\t\t\t\t\t\t\t\t\t\t\t\t<\/div>\n\t\t\t\t<\/div>\n\t\t\t\t\t<\/div>\n\t\t<\/div>\n\t\t\t\t\t<\/div>\n\t\t<\/section>\n\t\t\t\t<section class=\"elementor-section elementor-top-section elementor-element elementor-element-1909969 elementor-section-boxed elementor-section-height-default elementor-section-height-default\" data-id=\"1909969\" data-element_type=\"section\" data-e-type=\"section\">\n\t\t\t\t\t\t<div class=\"elementor-container elementor-column-gap-default\">\n\t\t\t\t\t<div class=\"elementor-column elementor-col-100 elementor-top-column elementor-element elementor-element-557eae5\" data-id=\"557eae5\" data-element_type=\"column\" data-e-type=\"column\">\n\t\t\t<div class=\"elementor-widget-wrap elementor-element-populated\">\n\t\t\t\t\t\t<div class=\"elementor-element elementor-element-1710c9c elementor-widget elementor-widget-image\" data-id=\"1710c9c\" data-element_type=\"widget\" data-e-type=\"widget\" data-widget_type=\"image.default\">\n\t\t\t\t<div class=\"elementor-widget-container\">\n\t\t\t\t\t\t\t\t\t\t\t\t\t\t\t\t<a href=\"http:\/\/api.whatsapp.com\/send?1=pt_BR&#038;phone=5551982492000\">\n\t\t\t\t\t\t\t<img decoding=\"async\" width=\"768\" height=\"61\" src=\"https:\/\/casadooriente.com.br\/wp-content\/uploads\/2023\/03\/CLIQUEAQUI02-1-768x61.png\" class=\"attachment-medium_large size-medium_large wp-image-1096\" alt=\"\" srcset=\"https:\/\/casadooriente.com.br\/wp-content\/uploads\/2023\/03\/CLIQUEAQUI02-1-768x61.png 768w, https:\/\/casadooriente.com.br\/wp-content\/uploads\/2023\/03\/CLIQUEAQUI02-1-300x24.png 300w, https:\/\/casadooriente.com.br\/wp-content\/uploads\/2023\/03\/CLIQUEAQUI02-1-1024x82.png 1024w, https:\/\/casadooriente.com.br\/wp-content\/uploads\/2023\/03\/CLIQUEAQUI02-1-1536x123.png 1536w, https:\/\/casadooriente.com.br\/wp-content\/uploads\/2023\/03\/CLIQUEAQUI02-1-2048x164.png 2048w, https:\/\/casadooriente.com.br\/wp-content\/uploads\/2023\/03\/CLIQUEAQUI02-1-1140x91.png 1140w\" sizes=\"(max-width: 768px) 100vw, 768px\" \/>\t\t\t\t\t\t\t\t<\/a>\n\t\t\t\t\t\t\t\t\t\t\t\t\t\t\t<\/div>\n\t\t\t\t<\/div>\n\t\t\t\t\t<\/div>\n\t\t<\/div>\n\t\t\t\t\t<\/div>\n\t\t<\/section>\n\t\t\t\t<section class=\"elementor-section elementor-top-section elementor-element elementor-element-3956e89 elementor-section-boxed elementor-section-height-default elementor-section-height-default\" data-id=\"3956e89\" data-element_type=\"section\" data-e-type=\"section\">\n\t\t\t\t\t\t<div class=\"elementor-container elementor-column-gap-default\">\n\t\t\t\t\t<div class=\"elementor-column elementor-col-100 elementor-top-column elementor-element elementor-element-06f10b7\" data-id=\"06f10b7\" data-element_type=\"column\" data-e-type=\"column\">\n\t\t\t<div class=\"elementor-widget-wrap elementor-element-populated\">\n\t\t\t\t\t\t<div class=\"elementor-element elementor-element-66a2048 elementor-widget elementor-widget-text-editor\" data-id=\"66a2048\" data-element_type=\"widget\" data-e-type=\"widget\" data-widget_type=\"text-editor.default\">\n\t\t\t\t<div class=\"elementor-widget-container\">\n\t\t\t\t\t\t\t\t\t<p>CURSO INTENSIVO DE HATHA YOGA<br><span style=\"font-family: var( --e-global-typography-text-font-family ), Sans-serif; font-weight: var( --e-global-typography-text-font-weight ); letter-spacing: 0px;\"><br>CONSULTE DATAS CONOSCO<\/span><\/p>\n<p><\/p>\n<p>COM ESTUDOS DE AYURVEDA E MEDITA\u00c7\u00c3O<\/p>\n<p><\/p>\n<p>PREPARA\u00c7\u00c3O PARA INSTRUTORES E APROFUNDAMENTO PARA PRATICANTES<\/p>\n<p><\/p>\n<p><\/p>\n<p>O Curso de Hatha Yoga foi estruturado para atender todas as pessoas de forma objetiva.<\/p>\n<p><\/p>\n<p>\u00c9 a metodologia utilizada na Casa do Oriente, que agrega conhecimentos de Ayurveda e Medita\u00e7\u00e3o \u00e0s pr\u00e1ticas de Yoga.<\/p>\n<p><\/p>\n<p>Esse m\u00e9todo efetivamente fortalece, purifica e equilibra os corpos f\u00edsico, energ\u00e9tico e mental.<\/p>\n<p><\/p>\n<p>Desenvolve um elevado n\u00edvel de concentra\u00e7\u00e3o, levando o praticante ao estado meditativo e de profundo relaxamento. Qualidades que s\u00e3o desej\u00e1veis e necess\u00e1rias para o autoconhecimento e reconhecimento de algo muito mais profundo do que o corpo e a mente, o verdadeiro Ser.<\/p>\n<p><\/p>\n<p><\/p>\n<p>ESTE CURSO \u00c9 UM MERGULHO EM VOC\u00ca MESMO \ufe0f<\/p>\n<p><\/p>\n<p><\/p>\n<p>O QUE ESTUDAREMOS?<\/p>\n<p><\/p>\n<p>&#8211; O que \u00e9 Yoga e para que serve.<\/p>\n<p><\/p>\n<p>&#8211; Hist\u00f3ria do Yoga e seu transplante para o Brasil.<\/p>\n<p><\/p>\n<p>&#8211; Yoga Sutras de Patanjali.<\/p>\n<p><\/p>\n<p>&#8211; Os oito passos da vida de Yoga.<\/p>\n<p><\/p>\n<p>&#8211; Os cinco Kleshas (obst\u00e1culos da mente).<\/p>\n<p><\/p>\n<p>&#8211; Purushartas (as quatros buscas humanas).<\/p>\n<p><\/p>\n<p>&#8211; Lei do Karma.<\/p>\n<p><\/p>\n<p>&#8211; Os grandes Mestres modernos.<\/p>\n<p><\/p>\n<p>&#8211; Os fundamentos da pr\u00e1tica, Vinyasas, Bandhas, Dristhi.<\/p>\n<p><\/p>\n<p>&#8211; Instru\u00e7\u00f5es para praticar e ensinar com seguran\u00e7a.<\/p>\n<p><\/p>\n<p>&#8211; Surya Namaskar A e B.<\/p>\n<p><\/p>\n<p>&#8211; Estudo de Asanas (posturas).<\/p>\n<p><\/p>\n<p>&#8211; Alfabetiza\u00e7\u00e3o da anatomia e fisiologia humana.<\/p>\n<p><\/p>\n<p>&#8211; Pranayamas.<\/p>\n<p><\/p>\n<p>&#8211; Mantras.<\/p>\n<p><\/p>\n<p>&#8211; Mudras (selos).<\/p>\n<p><\/p>\n<p>&#8211; Anatomia e fisiologia sutil, Chakras, Nadis, Kundalini, Pranas.<\/p>\n<p><\/p>\n<p>&#8211; Os cinco Koshas (corpos).<\/p>\n<p><\/p>\n<p>&#8211; Deidades.<\/p>\n<p><\/p>\n<p>&#8211; Princ\u00edpios do Ayurveda, Dinacharya (rotina) e Ahara (alimenta\u00e7\u00e3o).<\/p>\n<p><\/p>\n<p>&#8211; Medita\u00e7\u00e3o, o que \u00e9, para que serve, estrutura da mente, t\u00e9cnicas e rotina para meditar.<\/p>\n<p><\/p>\n<p><\/p>\n<p>PARA QUEM \u00c9 ESTE CURSO?<\/p>\n<p><\/p>\n<p>&#8211; Todas as pessoas que querem conhecer, entender e entrar neste vasto universo do Yoga.<\/p>\n<p><\/p>\n<p>&#8211; Para quem j\u00e1 pratica e quer firmar seus estudos e auto estudo.<\/p>\n<p><\/p>\n<p>&#8211; Para quem busca uma atividade integral, que n\u00e3o precise de complementos, que seja eficiente para o corpo, mente e para seguir no seu caminho espiritual.<\/p>\n<p><\/p>\n<p>&#8211; Para quem busca longevidade com sa\u00fade.<\/p>\n<p><\/p>\n<p>&#8211; Para estudantes e professores de Educa\u00e7\u00e3o F\u00edsica, assim como profissionais da Sa\u00fade que desejam expandir seus conhecimentos.<\/p>\n<p><\/p>\n<p>&#8211; Praticantes de Artes Marciais que buscam o autoconhecimento e est\u00e3o abertos a novos olhares sobre si, Terapeutas, Reiki, Thetahealing, Barras Access, etc, que queiram ampliar seus estudos e ter mais uma ferramenta para tal.<\/p>\n<p><\/p>\n<p><\/p>\n<p>SOBRE A MENTORA E A ESCOLA<\/p>\n<p><\/p>\n<p>&nbsp;Pati Pizio \u00e9 profissional de Educa\u00e7\u00e3o F\u00edsica, Terapeuta Ayurveda, praticante e professora de Yoga e Medita\u00e7\u00e3o. Tamb\u00e9m \u00e9 estudante de Vedanta, Astrologia V\u00e9dica e Tai Chi Chuan. Possui extensa experi\u00eancia com o ensino, consciente de que este \u00e9 seu Dharma, a sua miss\u00e3o de vida.<\/p>\n<p><\/p>\n<p>S\u00e3o mais de 15 anos na \u00e1rea e mais de 1000 alunos atendidos at\u00e9 este momento.<\/p>\n<p><\/p>\n<p>Foi uma disciplinada atleta, campe\u00e3 brasileira de fisiculturismo, esporte que considera mais mental do que f\u00edsico.<\/p>\n<p><\/p>\n<p>Se tornou mentora de centenas de pessoas que buscavam transforma\u00e7\u00f5es em suas vidas, n\u00e3o somente no corpo, mas na mente e comportamentos.<\/p>\n<p><\/p>\n<p>A professora viajou para o \u00cdndia para estudar e se auto estudar. Inaugurou a Casa do Oriente em 2018, juntamente com seu esposo Tonatto, Mestre de Artes Marciais e tamb\u00e9m praticante de Yoga, com o intuito de tornar o Yoga e as pr\u00e1ticas Orientais acess\u00edveis para todas as pessoas.<\/p>\n<p><\/p>\n<p>Assim nutrem na Escola um ambiente livre e acolhedor, onde as diferen\u00e7as s\u00e3o bem-vindas e respeitadas.<\/p>\n<p><\/p>\n<p>A Casa do Oriente recebe estudantes de muitos lugares e com hist\u00f3rias diferentes, onde a jornada de cada um \u00e9 integrada ao estudo e enriquece todo o ambiente. Nada \u00e9 perdido, tudo \u00e9 somado, contribuindo para o desenvolvimento de Ser Humano, trazendo a luz do entendimento que Todos Somos Um.<\/p>\t\t\t\t\t\t\t\t<\/div>\n\t\t\t\t<\/div>\n\t\t\t\t\t<\/div>\n\t\t<\/div>\n\t\t\t\t\t<\/div>\n\t\t<\/section>\n\t\t\t\t<section class=\"elementor-section elementor-top-section elementor-element elementor-element-1992258 elementor-section-boxed elementor-section-height-default elementor-section-height-default\" data-id=\"1992258\" data-element_type=\"section\" data-e-type=\"section\">\n\t\t\t\t\t\t<div class=\"elementor-container elementor-column-gap-default\">\n\t\t\t\t\t<div class=\"elementor-column elementor-col-100 elementor-top-column elementor-element elementor-element-d6105bb\" data-id=\"d6105bb\" data-element_type=\"column\" data-e-type=\"column\">\n\t\t\t<div class=\"elementor-widget-wrap elementor-element-populated\">\n\t\t\t\t\t\t<div class=\"elementor-element elementor-element-971a784 elementor-widget elementor-widget-image\" data-id=\"971a784\" data-element_type=\"widget\" data-e-type=\"widget\" data-widget_type=\"image.default\">\n\t\t\t\t<div class=\"elementor-widget-container\">\n\t\t\t\t\t\t\t\t\t\t\t\t\t\t\t\t<a href=\"http:\/\/api.whatsapp.com\/send?1=pt_BR&#038;phone=5551982492000\">\n\t\t\t\t\t\t\t<img decoding=\"async\" width=\"768\" height=\"61\" src=\"https:\/\/casadooriente.com.br\/wp-content\/uploads\/2023\/03\/CLIQUEAQUI02-1-768x61.png\" class=\"attachment-medium_large size-medium_large wp-image-1096\" alt=\"\" srcset=\"https:\/\/casadooriente.com.br\/wp-content\/uploads\/2023\/03\/CLIQUEAQUI02-1-768x61.png 768w, https:\/\/casadooriente.com.br\/wp-content\/uploads\/2023\/03\/CLIQUEAQUI02-1-300x24.png 300w, https:\/\/casadooriente.com.br\/wp-content\/uploads\/2023\/03\/CLIQUEAQUI02-1-1024x82.png 1024w, https:\/\/casadooriente.com.br\/wp-content\/uploads\/2023\/03\/CLIQUEAQUI02-1-1536x123.png 1536w, https:\/\/casadooriente.com.br\/wp-content\/uploads\/2023\/03\/CLIQUEAQUI02-1-2048x164.png 2048w, https:\/\/casadooriente.com.br\/wp-content\/uploads\/2023\/03\/CLIQUEAQUI02-1-1140x91.png 1140w\" sizes=\"(max-width: 768px) 100vw, 768px\" \/>\t\t\t\t\t\t\t\t<\/a>\n\t\t\t\t\t\t\t\t\t\t\t\t\t\t\t<\/div>\n\t\t\t\t<\/div>\n\t\t\t\t<div class=\"elementor-element elementor-element-5052dc2 elementor-widget elementor-widget-spacer\" data-id=\"5052dc2\" data-element_type=\"widget\" data-e-type=\"widget\" data-widget_type=\"spacer.default\">\n\t\t\t\t<div class=\"elementor-widget-container\">\n\t\t\t\t\t\t\t<div class=\"elementor-spacer\">\n\t\t\t<div class=\"elementor-spacer-inner\"><\/div>\n\t\t<\/div>\n\t\t\t\t\t\t<\/div>\n\t\t\t\t<\/div>\n\t\t\t\t\t<\/div>\n\t\t<\/div>\n\t\t\t\t\t<\/div>\n\t\t<\/section>\n\t\t\t\t<section class=\"elementor-section elementor-top-section elementor-element elementor-element-cfac498 elementor-section-boxed elementor-section-height-default elementor-section-height-default\" data-id=\"cfac498\" data-element_type=\"section\" data-e-type=\"section\">\n\t\t\t\t\t\t<div class=\"elementor-container elementor-column-gap-default\">\n\t\t\t\t\t<div class=\"elementor-column elementor-col-50 elementor-top-column elementor-element elementor-element-7dbe376\" data-id=\"7dbe376\" data-element_type=\"column\" data-e-type=\"column\">\n\t\t\t<div class=\"elementor-widget-wrap elementor-element-populated\">\n\t\t\t\t\t\t<div class=\"elementor-element elementor-element-2ae89da elementor-widget elementor-widget-video\" data-id=\"2ae89da\" data-element_type=\"widget\" data-e-type=\"widget\" data-settings=\"{&quot;youtube_url&quot;:&quot;https:\\\/\\\/www.youtube.com\\\/watch?v=z6766S2hS2U&amp;t=1s&quot;,&quot;video_type&quot;:&quot;youtube&quot;,&quot;controls&quot;:&quot;yes&quot;}\" data-widget_type=\"video.default\">\n\t\t\t\t<div class=\"elementor-widget-container\">\n\t\t\t\t\t\t\t<div class=\"elementor-wrapper elementor-open-inline\">\n\t\t\t<div class=\"elementor-video\"><\/div>\t\t<\/div>\n\t\t\t\t\t\t<\/div>\n\t\t\t\t<\/div>\n\t\t\t\t\t<\/div>\n\t\t<\/div>\n\t\t\t\t<div class=\"elementor-column elementor-col-50 elementor-top-column elementor-element elementor-element-b34a080\" data-id=\"b34a080\" data-element_type=\"column\" data-e-type=\"column\">\n\t\t\t<div class=\"elementor-widget-wrap elementor-element-populated\">\n\t\t\t\t\t\t<div class=\"elementor-element elementor-element-310f6e8 elementor-widget elementor-widget-video\" data-id=\"310f6e8\" data-element_type=\"widget\" data-e-type=\"widget\" data-settings=\"{&quot;youtube_url&quot;:&quot;https:\\\/\\\/www.youtube.com\\\/watch?v=uPPWqSmK5x8&amp;t=9s&quot;,&quot;video_type&quot;:&quot;youtube&quot;,&quot;controls&quot;:&quot;yes&quot;}\" data-widget_type=\"video.default\">\n\t\t\t\t<div class=\"elementor-widget-container\">\n\t\t\t\t\t\t\t<div class=\"elementor-wrapper elementor-open-inline\">\n\t\t\t<div class=\"elementor-video\"><\/div>\t\t<\/div>\n\t\t\t\t\t\t<\/div>\n\t\t\t\t<\/div>\n\t\t\t\t\t<\/div>\n\t\t<\/div>\n\t\t\t\t\t<\/div>\n\t\t<\/section>\n\t\t\t\t<\/div>\n\t\t","protected":false},"excerpt":{"rendered":"<p>Curso de Yoga CURSO INTENSIVO DE HATHA YOGA CONSULTE DATAS CONOSCO COM ESTUDOS DE AYURVEDA E MEDITA\u00c7\u00c3O PREPARA\u00c7\u00c3O PARA INSTRUTORES E APROFUNDAMENTO PARA PRATICANTES O Curso de Hatha Yoga foi estruturado para atender todas as pessoas de forma objetiva. \u00c9 a metodologia utilizada na Casa do Oriente, que agrega conhecimentos de Ayurveda e Medita\u00e7\u00e3o \u00e0s pr\u00e1ticas de Yoga. Esse m\u00e9todo efetivamente fortalece, purifica e equilibra os corpos f\u00edsico, energ\u00e9tico e mental. Desenvolve um elevado n\u00edvel de concentra\u00e7\u00e3o, levando o praticante ao estado meditativo e de profundo relaxamento. Qualidades que s\u00e3o desej\u00e1veis e necess\u00e1rias para o autoconhecimento e reconhecimento de algo muito mais profundo do que o corpo e a mente, o verdadeiro Ser. ESTE CURSO \u00c9 UM MERGULHO EM VOC\u00ca MESMO \ufe0f O QUE ESTUDAREMOS? &#8211; O que \u00e9 Yoga e para que serve. &#8211; Hist\u00f3ria do Yoga e seu transplante para o Brasil. &#8211; Yoga Sutras de Patanjali. &#8211; Os oito passos da vida de Yoga. &#8211; Os cinco Kleshas (obst\u00e1culos da mente). &#8211; Purushartas (as quatros buscas humanas). &#8211; Lei do Karma. &#8211; Os grandes Mestres modernos. &#8211; Os fundamentos da pr\u00e1tica, Vinyasas, Bandhas, Dristhi. &#8211; Instru\u00e7\u00f5es para praticar e ensinar com seguran\u00e7a. &#8211; Surya Namaskar A e B. &#8211; Estudo de Asanas (posturas). &#8211; Alfabetiza\u00e7\u00e3o da anatomia e fisiologia humana. &#8211; Pranayamas. &#8211; Mantras. &#8211; Mudras (selos). &#8211; Anatomia e fisiologia sutil, Chakras, Nadis, Kundalini, Pranas. &#8211; Os cinco Koshas (corpos). &#8211; Deidades. &#8211; Princ\u00edpios do Ayurveda, Dinacharya (rotina) e Ahara (alimenta\u00e7\u00e3o). &#8211; Medita\u00e7\u00e3o, o que \u00e9, para que serve, estrutura da mente, t\u00e9cnicas e rotina para meditar. PARA QUEM \u00c9 ESTE CURSO? &#8211; Todas as pessoas que querem conhecer, entender e entrar neste vasto universo do Yoga. &#8211; Para quem j\u00e1 pratica e quer firmar seus estudos e auto estudo. &#8211; Para quem busca uma atividade integral, que n\u00e3o precise de complementos, que seja eficiente para o corpo, mente e para seguir no seu caminho espiritual. &#8211; Para quem busca longevidade com sa\u00fade. &#8211; Para estudantes e professores de Educa\u00e7\u00e3o F\u00edsica, assim como profissionais da Sa\u00fade que desejam expandir seus conhecimentos. &#8211; Praticantes de Artes Marciais que buscam o autoconhecimento e est\u00e3o abertos a novos olhares sobre si, Terapeutas, Reiki, Thetahealing, Barras Access, etc, que queiram ampliar seus estudos e ter mais uma ferramenta para tal. SOBRE A MENTORA E A ESCOLA &nbsp;Pati Pizio \u00e9 profissional de Educa\u00e7\u00e3o F\u00edsica, Terapeuta Ayurveda, praticante e professora de Yoga e Medita\u00e7\u00e3o. Tamb\u00e9m \u00e9 estudante de Vedanta, Astrologia V\u00e9dica e Tai Chi Chuan. Possui extensa experi\u00eancia com o ensino, consciente de que este \u00e9 seu Dharma, a sua miss\u00e3o de vida. S\u00e3o mais de 15 anos na \u00e1rea e mais de 1000 alunos atendidos at\u00e9 este momento. Foi uma disciplinada atleta, campe\u00e3 brasileira de fisiculturismo, esporte que considera mais mental do que f\u00edsico. Se tornou mentora de centenas de pessoas que buscavam transforma\u00e7\u00f5es em suas vidas, n\u00e3o somente no corpo, mas na mente e comportamentos. A professora viajou para o \u00cdndia para estudar e se auto estudar. Inaugurou a Casa do Oriente em 2018, juntamente com seu esposo Tonatto, Mestre de Artes Marciais e tamb\u00e9m praticante de Yoga, com o intuito de tornar o Yoga e as pr\u00e1ticas Orientais acess\u00edveis para todas as pessoas. Assim nutrem na Escola um ambiente livre e acolhedor, onde as diferen\u00e7as s\u00e3o bem-vindas e respeitadas. A Casa do Oriente recebe estudantes de muitos lugares e com hist\u00f3rias diferentes, onde a jornada de cada um \u00e9 integrada ao estudo e enriquece todo o ambiente. Nada \u00e9 perdido, tudo \u00e9 somado, contribuindo para o desenvolvimento de Ser Humano, trazendo a luz do entendimento que Todos Somos Um.<\/p>\n","protected":false},"author":1,"featured_media":0,"parent":0,"menu_order":0,"comment_status":"closed","ping_status":"closed","template":"","meta":{"_eb_attr":"","footnotes":""},"class_list":["post-443","page","type-page","status-publish","hentry"],"_links":{"self":[{"href":"https:\/\/casadooriente.com.br\/index.php?rest_route=\/wp\/v2\/pages\/443","targetHints":{"allow":["GET"]}}],"collection":[{"href":"https:\/\/casadooriente.com.br\/index.php?rest_route=\/wp\/v2\/pages"}],"about":[{"href":"https:\/\/casadooriente.com.br\/index.php?rest_route=\/wp\/v2\/types\/page"}],"author":[{"embeddable":true,"href":"https:\/\/casadooriente.com.br\/index.php?rest_route=\/wp\/v2\/users\/1"}],"replies":[{"embeddable":true,"href":"https:\/\/casadooriente.com.br\/index.php?rest_route=%2Fwp%2Fv2%2Fcomments&post=443"}],"version-history":[{"count":73,"href":"https:\/\/casadooriente.com.br\/index.php?rest_route=\/wp\/v2\/pages\/443\/revisions"}],"predecessor-version":[{"id":1400,"href":"https:\/\/casadooriente.com.br\/index.php?rest_route=\/wp\/v2\/pages\/443\/revisions\/1400"}],"wp:attachment":[{"href":"https:\/\/casadooriente.com.br\/index.php?rest_route=%2Fwp%2Fv2%2Fmedia&parent=443"}],"curies":[{"name":"wp","href":"https:\/\/api.w.org\/{rel}","templated":true}]}}