{"id":404,"date":"2021-12-08T17:36:03","date_gmt":"2021-12-08T17:36:03","guid":{"rendered":"https:\/\/casadooriente.com.br\/?page_id=404"},"modified":"2023-11-24T00:23:03","modified_gmt":"2023-11-24T00:23:03","slug":"tai-chi-chuan","status":"publish","type":"page","link":"https:\/\/casadooriente.com.br\/?page_id=404","title":{"rendered":""},"content":{"rendered":"\t\t<div data-elementor-type=\"wp-page\" data-elementor-id=\"404\" class=\"elementor elementor-404\">\n\t\t\t\t\t\t<section class=\"elementor-section elementor-top-section elementor-element elementor-element-3277d11 elementor-section-boxed elementor-section-height-default elementor-section-height-default\" data-id=\"3277d11\" data-element_type=\"section\" data-e-type=\"section\">\n\t\t\t\t\t\t<div class=\"elementor-container elementor-column-gap-default\">\n\t\t\t\t\t<div class=\"elementor-column elementor-col-100 elementor-top-column elementor-element elementor-element-b926c62\" data-id=\"b926c62\" data-element_type=\"column\" data-e-type=\"column\">\n\t\t\t<div class=\"elementor-widget-wrap elementor-element-populated\">\n\t\t\t\t\t\t<div class=\"elementor-element elementor-element-9c6a317 elementor-widget elementor-widget-heading\" data-id=\"9c6a317\" data-element_type=\"widget\" data-e-type=\"widget\" data-widget_type=\"heading.default\">\n\t\t\t\t<div class=\"elementor-widget-container\">\n\t\t\t\t\t<h2 class=\"elementor-heading-title elementor-size-default\">Tai Chi Chuan e Chi Kung<\/h2>\t\t\t\t<\/div>\n\t\t\t\t<\/div>\n\t\t\t\t\t<\/div>\n\t\t<\/div>\n\t\t\t\t\t<\/div>\n\t\t<\/section>\n\t\t\t\t<section class=\"elementor-section elementor-top-section elementor-element elementor-element-1480ace elementor-section-boxed elementor-section-height-default elementor-section-height-default\" data-id=\"1480ace\" data-element_type=\"section\" data-e-type=\"section\">\n\t\t\t\t\t\t<div class=\"elementor-container elementor-column-gap-default\">\n\t\t\t\t\t<div class=\"elementor-column elementor-col-100 elementor-top-column elementor-element elementor-element-f36cda9\" data-id=\"f36cda9\" data-element_type=\"column\" data-e-type=\"column\">\n\t\t\t<div class=\"elementor-widget-wrap elementor-element-populated\">\n\t\t\t\t\t\t<div class=\"elementor-element elementor-element-faf3ecd elementor-widget elementor-widget-image\" data-id=\"faf3ecd\" data-element_type=\"widget\" data-e-type=\"widget\" data-widget_type=\"image.default\">\n\t\t\t\t<div class=\"elementor-widget-container\">\n\t\t\t\t\t\t\t\t\t\t\t\t\t\t\t<img fetchpriority=\"high\" decoding=\"async\" width=\"2163\" height=\"495\" src=\"https:\/\/casadooriente.com.br\/wp-content\/uploads\/2023\/03\/taichifoto.png\" class=\"attachment-full size-full wp-image-1168\" alt=\"\" srcset=\"https:\/\/casadooriente.com.br\/wp-content\/uploads\/2023\/03\/taichifoto.png 2163w, https:\/\/casadooriente.com.br\/wp-content\/uploads\/2023\/03\/taichifoto-300x69.png 300w, https:\/\/casadooriente.com.br\/wp-content\/uploads\/2023\/03\/taichifoto-1024x234.png 1024w, https:\/\/casadooriente.com.br\/wp-content\/uploads\/2023\/03\/taichifoto-768x176.png 768w, https:\/\/casadooriente.com.br\/wp-content\/uploads\/2023\/03\/taichifoto-1536x352.png 1536w, https:\/\/casadooriente.com.br\/wp-content\/uploads\/2023\/03\/taichifoto-2048x469.png 2048w, https:\/\/casadooriente.com.br\/wp-content\/uploads\/2023\/03\/taichifoto-1140x261.png 1140w\" sizes=\"(max-width: 2163px) 100vw, 2163px\" \/>\t\t\t\t\t\t\t\t\t\t\t\t\t\t\t<\/div>\n\t\t\t\t<\/div>\n\t\t\t\t\t<\/div>\n\t\t<\/div>\n\t\t\t\t\t<\/div>\n\t\t<\/section>\n\t\t\t\t<section class=\"elementor-section elementor-top-section elementor-element elementor-element-30151f0 elementor-section-boxed elementor-section-height-default elementor-section-height-default\" data-id=\"30151f0\" data-element_type=\"section\" data-e-type=\"section\">\n\t\t\t\t\t\t<div class=\"elementor-container elementor-column-gap-default\">\n\t\t\t\t\t<div class=\"elementor-column elementor-col-100 elementor-top-column elementor-element elementor-element-6666bf1\" data-id=\"6666bf1\" data-element_type=\"column\" data-e-type=\"column\">\n\t\t\t<div class=\"elementor-widget-wrap elementor-element-populated\">\n\t\t\t\t\t\t<div class=\"elementor-element elementor-element-87bf54a elementor-widget elementor-widget-text-editor\" data-id=\"87bf54a\" data-element_type=\"widget\" data-e-type=\"widget\" data-widget_type=\"text-editor.default\">\n\t\t\t\t<div class=\"elementor-widget-container\">\n\t\t\t\t\t\t\t\t\t<p>O Tai Chi Chuan \u00e9 uma arte marcial interna, de origem chinesa. Seu estilo \u00e9 suave, e favorece o relaxamento muscular, ao contr\u00e1rio da maioria das artes marciais, que tem como objetivo a agilidade e a maior tens\u00e3o dos m\u00fasculos. O Tai Chi Chuan pode ser considerado uma medita\u00e7\u00e3o em movimento.<\/p>\n<p>Os movimentos no Tai Chi Chuan s\u00e3o circulares. Quando combinados com um ritmo respirat\u00f3rio, levam a um alongamento do corpo e conseq\u00fcente relaxamento do mesmo. Os movimentos s\u00e3o cont\u00ednuos e delicados.<\/p>\n<p>Tendo como base a filosofia Tao\u00edsta, o Tai Chi Chuan busca o equil\u00edbrio entre o Yin e o Yang, o que gera a energia &#8220;KI&#8221;, que \u00e9 a energia vital de todo ser vivo. Yin e Yang s\u00e3o os extremos opostos de energia. Num exemplo um tanto grosseiro, claridade e escurid\u00e3o seriam os extremos Yang e Yin da energia luminosa. S\u00e3o indissoci\u00e1veis e ao mesmo tempo contr\u00e1rios. O ideal seria encontrar o equil\u00edbrio entre eles.<\/p>\n<p>O Tai Chi Chuan faz com que o praticante tenha maior consci\u00eancia de seu corpo e do equil\u00edbrio. Tem efeito sobre o corpo e a mente, aumentando o relaxamento e combatendo o estresse.<\/p>\n<p>Os benef\u00edcios que traz a sa\u00fade tamb\u00e9m s\u00e3o in\u00fameros: torna as articula\u00e7\u00f5es mais flex\u00edveis, rejuvenesce a pele, favorece a circula\u00e7\u00e3o sangu\u00ednea, e o cora\u00e7\u00e3o.<\/p>\n<p>Como tem a\u00e7\u00e3o sobre o sistema nervoso central, \u00e9 ben\u00e9fico inclusive para os sistemas: digestivo, eliminat\u00f3rios, respirat\u00f3rios e imunol\u00f3gicos. Por esses motivos \u00e9 sin\u00f4nimo de longevidade em alguns pa\u00edses.<\/p>\n<p>Guardado sob o nome de Tai Chi Chuan, existe um dep\u00f3sito de conhecimento com o objetivo de harmonizar as energias celestiais com as terrestres no corpo humano.<\/p>\n<p>E isso acontece atrav\u00e9s do movimento corporal unido ao processo de medita\u00e7\u00e3o e conserva\u00e7\u00e3o da energia sutil.<\/p>\n<p>Em nenhum momento as Artes Marciais internas tiveram como objetivo destruir a vida, mas sim preservar a vida, at\u00e9 atingir a imortalidade. Nunca foi o contr\u00e1rio. Lembre que Tai Chi Chuan \u00e9 Arte. Arte Marcial e Arte Meditativa.<\/p>\n<p>Definitivamente Tai Chi Chuan N\u00c3O \u00e9 gin\u00e1stica. O treino \u00e9 desafiador e na mesma propor\u00e7\u00e3o apaixonante.<\/p>\n<p>O Tai Chi Chuan chegou vivo e pulsante aos nossos dias, se expandindo e adaptando com o passar dos s\u00e9culos. \u00c9 uma Arte atemporal.<\/p>\n<p>Aqui na Escola seguimos um princ\u00edpio b\u00e1sico nas pr\u00e1ticas, a imperman\u00eancia. A \u00fanica certeza que se tem, a constante mudan\u00e7a.<\/p>\n<p>Para ganhar conhecimento, adicione coisas todos os dias. Para ganhar sabedoria, elimine coisas todos os dias.<br><span style=\"font-family: var( --e-global-typography-text-font-family ), Sans-serif; font-weight: var( --e-global-typography-text-font-weight ); letter-spacing: 0px;\">Lao-Ts\u00e9<\/span><\/p>\t\t\t\t\t\t\t\t<\/div>\n\t\t\t\t<\/div>\n\t\t\t\t\t<\/div>\n\t\t<\/div>\n\t\t\t\t\t<\/div>\n\t\t<\/section>\n\t\t\t\t<section class=\"elementor-section elementor-top-section elementor-element elementor-element-c19b088 elementor-section-boxed elementor-section-height-default elementor-section-height-default\" data-id=\"c19b088\" data-element_type=\"section\" data-e-type=\"section\">\n\t\t\t\t\t\t<div class=\"elementor-container elementor-column-gap-default\">\n\t\t\t\t\t<div class=\"elementor-column elementor-col-100 elementor-top-column elementor-element elementor-element-ca72233\" data-id=\"ca72233\" data-element_type=\"column\" data-e-type=\"column\">\n\t\t\t<div class=\"elementor-widget-wrap elementor-element-populated\">\n\t\t\t\t\t\t<div class=\"elementor-element elementor-element-41eb63f elementor-widget elementor-widget-text-editor\" data-id=\"41eb63f\" data-element_type=\"widget\" data-e-type=\"widget\" data-widget_type=\"text-editor.default\">\n\t\t\t\t<div class=\"elementor-widget-container\">\n\t\t\t\t\t\t\t\t\t<p>Antes de come\u00e7ar a praticar Tai chi chuan eu me sentia perdido na vida, desorientado. Quando o Tai chi chegou at\u00e9 mim eu sinto como se tivesse recebido um presente, ele veio com v\u00e1rios desafios tanto f\u00edsicos quando mentais mas \u00e9 gra\u00e7as a ele que desenvolvi a perseveran\u00e7a para ultrapassa-los e me tornar algu\u00e9m melhor. O Tai chi desenterrou o que havia de bom em mim e me fez perceber que nada \u00e9 imposs\u00edvel desde que se busque melhorar, e claro, perseverar no caminho.<\/p>\n<p><b>Depoimento do Altemir Junior<\/b><br><\/p>\t\t\t\t\t\t\t\t<\/div>\n\t\t\t\t<\/div>\n\t\t\t\t\t<\/div>\n\t\t<\/div>\n\t\t\t\t\t<\/div>\n\t\t<\/section>\n\t\t\t\t<section class=\"elementor-section elementor-top-section elementor-element elementor-element-fa615bd elementor-section-boxed elementor-section-height-default elementor-section-height-default\" data-id=\"fa615bd\" data-element_type=\"section\" data-e-type=\"section\">\n\t\t\t\t\t\t<div class=\"elementor-container elementor-column-gap-default\">\n\t\t\t\t\t<div class=\"elementor-column elementor-col-100 elementor-top-column elementor-element elementor-element-e6148fe\" data-id=\"e6148fe\" data-element_type=\"column\" data-e-type=\"column\">\n\t\t\t<div class=\"elementor-widget-wrap elementor-element-populated\">\n\t\t\t\t\t\t<div class=\"elementor-element elementor-element-92e8950 elementor-widget elementor-widget-image\" data-id=\"92e8950\" data-element_type=\"widget\" data-e-type=\"widget\" data-settings=\"{&quot;_animation&quot;:&quot;none&quot;}\" data-widget_type=\"image.default\">\n\t\t\t\t<div class=\"elementor-widget-container\">\n\t\t\t\t\t\t\t\t\t\t\t\t\t\t\t\t<a href=\"http:\/\/api.whatsapp.com\/send?1=pt_BR&#038;phone=5551982492000\" target=\"_blank\">\n\t\t\t\t\t\t\t<img decoding=\"async\" width=\"768\" height=\"62\" src=\"https:\/\/casadooriente.com.br\/wp-content\/uploads\/2023\/03\/CLIQUEAQUI03-768x62.png\" class=\"attachment-medium_large size-medium_large wp-image-1117\" alt=\"\" srcset=\"https:\/\/casadooriente.com.br\/wp-content\/uploads\/2023\/03\/CLIQUEAQUI03-768x62.png 768w, https:\/\/casadooriente.com.br\/wp-content\/uploads\/2023\/03\/CLIQUEAQUI03-300x24.png 300w, https:\/\/casadooriente.com.br\/wp-content\/uploads\/2023\/03\/CLIQUEAQUI03-1024x82.png 1024w, https:\/\/casadooriente.com.br\/wp-content\/uploads\/2023\/03\/CLIQUEAQUI03-1536x123.png 1536w, https:\/\/casadooriente.com.br\/wp-content\/uploads\/2023\/03\/CLIQUEAQUI03-2048x164.png 2048w, https:\/\/casadooriente.com.br\/wp-content\/uploads\/2023\/03\/CLIQUEAQUI03-1140x91.png 1140w\" sizes=\"(max-width: 768px) 100vw, 768px\" \/>\t\t\t\t\t\t\t\t<\/a>\n\t\t\t\t\t\t\t\t\t\t\t\t\t\t\t<\/div>\n\t\t\t\t<\/div>\n\t\t\t\t<div class=\"elementor-element elementor-element-7eac2ae elementor-widget elementor-widget-spacer\" data-id=\"7eac2ae\" data-element_type=\"widget\" data-e-type=\"widget\" data-widget_type=\"spacer.default\">\n\t\t\t\t<div class=\"elementor-widget-container\">\n\t\t\t\t\t\t\t<div class=\"elementor-spacer\">\n\t\t\t<div class=\"elementor-spacer-inner\"><\/div>\n\t\t<\/div>\n\t\t\t\t\t\t<\/div>\n\t\t\t\t<\/div>\n\t\t\t\t\t<\/div>\n\t\t<\/div>\n\t\t\t\t\t<\/div>\n\t\t<\/section>\n\t\t\t\t<section class=\"elementor-section elementor-top-section elementor-element elementor-element-c4f7ee6 elementor-section-boxed elementor-section-height-default elementor-section-height-default\" data-id=\"c4f7ee6\" data-element_type=\"section\" data-e-type=\"section\">\n\t\t\t\t\t\t<div class=\"elementor-container elementor-column-gap-default\">\n\t\t\t\t\t<div class=\"elementor-column elementor-col-50 elementor-top-column elementor-element elementor-element-fb0f85f\" data-id=\"fb0f85f\" data-element_type=\"column\" data-e-type=\"column\">\n\t\t\t<div class=\"elementor-widget-wrap elementor-element-populated\">\n\t\t\t\t\t\t<div class=\"elementor-element elementor-element-8dc0c2d elementor-widget elementor-widget-video\" data-id=\"8dc0c2d\" data-element_type=\"widget\" data-e-type=\"widget\" data-settings=\"{&quot;youtube_url&quot;:&quot;https:\\\/\\\/youtu.be\\\/91rEaJqL9tA&quot;,&quot;video_type&quot;:&quot;youtube&quot;,&quot;controls&quot;:&quot;yes&quot;}\" data-widget_type=\"video.default\">\n\t\t\t\t<div class=\"elementor-widget-container\">\n\t\t\t\t\t\t\t<div class=\"elementor-wrapper elementor-open-inline\">\n\t\t\t<div class=\"elementor-video\"><\/div>\t\t<\/div>\n\t\t\t\t\t\t<\/div>\n\t\t\t\t<\/div>\n\t\t\t\t\t<\/div>\n\t\t<\/div>\n\t\t\t\t<div class=\"elementor-column elementor-col-50 elementor-top-column elementor-element elementor-element-7c31d08\" data-id=\"7c31d08\" data-element_type=\"column\" data-e-type=\"column\">\n\t\t\t<div class=\"elementor-widget-wrap elementor-element-populated\">\n\t\t\t\t\t\t<div class=\"elementor-element elementor-element-82325d2 elementor-widget elementor-widget-video\" data-id=\"82325d2\" data-element_type=\"widget\" data-e-type=\"widget\" data-settings=\"{&quot;youtube_url&quot;:&quot;https:\\\/\\\/www.youtube.com\\\/watch?v=9sKEkrLoMi0&quot;,&quot;video_type&quot;:&quot;youtube&quot;,&quot;controls&quot;:&quot;yes&quot;}\" data-widget_type=\"video.default\">\n\t\t\t\t<div class=\"elementor-widget-container\">\n\t\t\t\t\t\t\t<div class=\"elementor-wrapper elementor-open-inline\">\n\t\t\t<div class=\"elementor-video\"><\/div>\t\t<\/div>\n\t\t\t\t\t\t<\/div>\n\t\t\t\t<\/div>\n\t\t\t\t\t<\/div>\n\t\t<\/div>\n\t\t\t\t\t<\/div>\n\t\t<\/section>\n\t\t\t\t<section class=\"elementor-section elementor-top-section elementor-element elementor-element-ee9ae77 elementor-section-boxed elementor-section-height-default elementor-section-height-default\" data-id=\"ee9ae77\" data-element_type=\"section\" data-e-type=\"section\">\n\t\t\t\t\t\t<div class=\"elementor-container elementor-column-gap-default\">\n\t\t\t\t\t<div class=\"elementor-column elementor-col-50 elementor-top-column elementor-element elementor-element-5a3ca16\" data-id=\"5a3ca16\" data-element_type=\"column\" data-e-type=\"column\">\n\t\t\t<div class=\"elementor-widget-wrap elementor-element-populated\">\n\t\t\t\t\t\t<div class=\"elementor-element elementor-element-02e3351 elementor-widget elementor-widget-video\" data-id=\"02e3351\" data-element_type=\"widget\" data-e-type=\"widget\" data-settings=\"{&quot;youtube_url&quot;:&quot;https:\\\/\\\/www.youtube.com\\\/watch?v=R2pqL28g6iM&amp;t=39s&quot;,&quot;video_type&quot;:&quot;youtube&quot;,&quot;controls&quot;:&quot;yes&quot;}\" data-widget_type=\"video.default\">\n\t\t\t\t<div class=\"elementor-widget-container\">\n\t\t\t\t\t\t\t<div class=\"elementor-wrapper elementor-open-inline\">\n\t\t\t<div class=\"elementor-video\"><\/div>\t\t<\/div>\n\t\t\t\t\t\t<\/div>\n\t\t\t\t<\/div>\n\t\t\t\t\t<\/div>\n\t\t<\/div>\n\t\t\t\t<div class=\"elementor-column elementor-col-50 elementor-top-column elementor-element elementor-element-9c7f765\" data-id=\"9c7f765\" data-element_type=\"column\" data-e-type=\"column\">\n\t\t\t<div class=\"elementor-widget-wrap elementor-element-populated\">\n\t\t\t\t\t\t<div class=\"elementor-element elementor-element-f75fe01 elementor-widget elementor-widget-video\" data-id=\"f75fe01\" data-element_type=\"widget\" data-e-type=\"widget\" data-settings=\"{&quot;youtube_url&quot;:&quot;https:\\\/\\\/www.youtube.com\\\/watch?v=FDVtnoUyytI&quot;,&quot;video_type&quot;:&quot;youtube&quot;,&quot;controls&quot;:&quot;yes&quot;}\" data-widget_type=\"video.default\">\n\t\t\t\t<div class=\"elementor-widget-container\">\n\t\t\t\t\t\t\t<div class=\"elementor-wrapper elementor-open-inline\">\n\t\t\t<div class=\"elementor-video\"><\/div>\t\t<\/div>\n\t\t\t\t\t\t<\/div>\n\t\t\t\t<\/div>\n\t\t\t\t\t<\/div>\n\t\t<\/div>\n\t\t\t\t\t<\/div>\n\t\t<\/section>\n\t\t\t\t<\/div>\n\t\t","protected":false},"excerpt":{"rendered":"<p>Tai Chi Chuan e Chi Kung O Tai Chi Chuan \u00e9 uma arte marcial interna, de origem chinesa. Seu estilo \u00e9 suave, e favorece o relaxamento muscular, ao contr\u00e1rio da maioria das artes marciais, que tem como objetivo a agilidade e a maior tens\u00e3o dos m\u00fasculos. O Tai Chi Chuan pode ser considerado uma medita\u00e7\u00e3o em movimento. Os movimentos no Tai Chi Chuan s\u00e3o circulares. Quando combinados com um ritmo respirat\u00f3rio, levam a um alongamento do corpo e conseq\u00fcente relaxamento do mesmo. Os movimentos s\u00e3o cont\u00ednuos e delicados. Tendo como base a filosofia Tao\u00edsta, o Tai Chi Chuan busca o equil\u00edbrio entre o Yin e o Yang, o que gera a energia &#8220;KI&#8221;, que \u00e9 a energia vital de todo ser vivo. Yin e Yang s\u00e3o os extremos opostos de energia. Num exemplo um tanto grosseiro, claridade e escurid\u00e3o seriam os extremos Yang e Yin da energia luminosa. S\u00e3o indissoci\u00e1veis e ao mesmo tempo contr\u00e1rios. O ideal seria encontrar o equil\u00edbrio entre eles. O Tai Chi Chuan faz com que o praticante tenha maior consci\u00eancia de seu corpo e do equil\u00edbrio. Tem efeito sobre o corpo e a mente, aumentando o relaxamento e combatendo o estresse. Os benef\u00edcios que traz a sa\u00fade tamb\u00e9m s\u00e3o in\u00fameros: torna as articula\u00e7\u00f5es mais flex\u00edveis, rejuvenesce a pele, favorece a circula\u00e7\u00e3o sangu\u00ednea, e o cora\u00e7\u00e3o. Como tem a\u00e7\u00e3o sobre o sistema nervoso central, \u00e9 ben\u00e9fico inclusive para os sistemas: digestivo, eliminat\u00f3rios, respirat\u00f3rios e imunol\u00f3gicos. Por esses motivos \u00e9 sin\u00f4nimo de longevidade em alguns pa\u00edses. Guardado sob o nome de Tai Chi Chuan, existe um dep\u00f3sito de conhecimento com o objetivo de harmonizar as energias celestiais com as terrestres no corpo humano. E isso acontece atrav\u00e9s do movimento corporal unido ao processo de medita\u00e7\u00e3o e conserva\u00e7\u00e3o da energia sutil. Em nenhum momento as Artes Marciais internas tiveram como objetivo destruir a vida, mas sim preservar a vida, at\u00e9 atingir a imortalidade. Nunca foi o contr\u00e1rio. Lembre que Tai Chi Chuan \u00e9 Arte. Arte Marcial e Arte Meditativa. Definitivamente Tai Chi Chuan N\u00c3O \u00e9 gin\u00e1stica. O treino \u00e9 desafiador e na mesma propor\u00e7\u00e3o apaixonante. O Tai Chi Chuan chegou vivo e pulsante aos nossos dias, se expandindo e adaptando com o passar dos s\u00e9culos. \u00c9 uma Arte atemporal. Aqui na Escola seguimos um princ\u00edpio b\u00e1sico nas pr\u00e1ticas, a imperman\u00eancia. A \u00fanica certeza que se tem, a constante mudan\u00e7a. Para ganhar conhecimento, adicione coisas todos os dias. Para ganhar sabedoria, elimine coisas todos os dias.Lao-Ts\u00e9 Antes de come\u00e7ar a praticar Tai chi chuan eu me sentia perdido na vida, desorientado. Quando o Tai chi chegou at\u00e9 mim eu sinto como se tivesse recebido um presente, ele veio com v\u00e1rios desafios tanto f\u00edsicos quando mentais mas \u00e9 gra\u00e7as a ele que desenvolvi a perseveran\u00e7a para ultrapassa-los e me tornar algu\u00e9m melhor. O Tai chi desenterrou o que havia de bom em mim e me fez perceber que nada \u00e9 imposs\u00edvel desde que se busque melhorar, e claro, perseverar no caminho. Depoimento do Altemir Junior https:\/\/youtu.be\/91rEaJqL9tAhttps:\/\/www.youtube.com\/watch?v=9sKEkrLoMi0https:\/\/www.youtube.com\/watch?v=R2pqL28g6iM&#038;t=39shttps:\/\/www.youtube.com\/watch?v=FDVtnoUyytI<\/p>\n","protected":false},"author":1,"featured_media":0,"parent":0,"menu_order":0,"comment_status":"closed","ping_status":"closed","template":"","meta":{"_eb_attr":"","footnotes":""},"class_list":["post-404","page","type-page","status-publish","hentry"],"_links":{"self":[{"href":"https:\/\/casadooriente.com.br\/index.php?rest_route=\/wp\/v2\/pages\/404","targetHints":{"allow":["GET"]}}],"collection":[{"href":"https:\/\/casadooriente.com.br\/index.php?rest_route=\/wp\/v2\/pages"}],"about":[{"href":"https:\/\/casadooriente.com.br\/index.php?rest_route=\/wp\/v2\/types\/page"}],"author":[{"embeddable":true,"href":"https:\/\/casadooriente.com.br\/index.php?rest_route=\/wp\/v2\/users\/1"}],"replies":[{"embeddable":true,"href":"https:\/\/casadooriente.com.br\/index.php?rest_route=%2Fwp%2Fv2%2Fcomments&post=404"}],"version-history":[{"count":46,"href":"https:\/\/casadooriente.com.br\/index.php?rest_route=\/wp\/v2\/pages\/404\/revisions"}],"predecessor-version":[{"id":1634,"href":"https:\/\/casadooriente.com.br\/index.php?rest_route=\/wp\/v2\/pages\/404\/revisions\/1634"}],"wp:attachment":[{"href":"https:\/\/casadooriente.com.br\/index.php?rest_route=%2Fwp%2Fv2%2Fmedia&parent=404"}],"curies":[{"name":"wp","href":"https:\/\/api.w.org\/{rel}","templated":true}]}}