{"id":376,"date":"2021-12-04T00:09:56","date_gmt":"2021-12-04T00:09:56","guid":{"rendered":"https:\/\/casadooriente.com.br\/?page_id=376"},"modified":"2023-03-23T01:27:17","modified_gmt":"2023-03-23T01:27:17","slug":"krav-maga","status":"publish","type":"page","link":"https:\/\/casadooriente.com.br\/?page_id=376","title":{"rendered":""},"content":{"rendered":"\t\t<div data-elementor-type=\"wp-page\" data-elementor-id=\"376\" class=\"elementor elementor-376\">\n\t\t\t\t\t\t<section class=\"elementor-section elementor-top-section elementor-element elementor-element-c632efa elementor-section-boxed elementor-section-height-default elementor-section-height-default\" data-id=\"c632efa\" data-element_type=\"section\" data-e-type=\"section\">\n\t\t\t\t\t\t<div class=\"elementor-container elementor-column-gap-default\">\n\t\t\t\t\t<div class=\"elementor-column elementor-col-100 elementor-top-column elementor-element elementor-element-1f89dcf\" data-id=\"1f89dcf\" data-element_type=\"column\" data-e-type=\"column\">\n\t\t\t<div class=\"elementor-widget-wrap elementor-element-populated\">\n\t\t\t\t\t\t<div class=\"elementor-element elementor-element-3587b1d elementor-widget elementor-widget-heading\" data-id=\"3587b1d\" data-element_type=\"widget\" data-e-type=\"widget\" data-widget_type=\"heading.default\">\n\t\t\t\t<div class=\"elementor-widget-container\">\n\t\t\t\t\t<h2 class=\"elementor-heading-title elementor-size-default\">Krav Maga Operacional T\u00e1tico<\/h2>\t\t\t\t<\/div>\n\t\t\t\t<\/div>\n\t\t\t\t\t<\/div>\n\t\t<\/div>\n\t\t\t\t\t<\/div>\n\t\t<\/section>\n\t\t\t\t<section class=\"elementor-section elementor-top-section elementor-element elementor-element-cfecb75 elementor-section-boxed elementor-section-height-default elementor-section-height-default\" data-id=\"cfecb75\" data-element_type=\"section\" data-e-type=\"section\">\n\t\t\t\t\t\t<div class=\"elementor-container elementor-column-gap-default\">\n\t\t\t\t\t<div class=\"elementor-column elementor-col-100 elementor-top-column elementor-element elementor-element-8a19b86\" data-id=\"8a19b86\" data-element_type=\"column\" data-e-type=\"column\">\n\t\t\t<div class=\"elementor-widget-wrap elementor-element-populated\">\n\t\t\t\t\t\t<div class=\"elementor-element elementor-element-bf236f0 elementor-widget elementor-widget-image\" data-id=\"bf236f0\" data-element_type=\"widget\" data-e-type=\"widget\" data-widget_type=\"image.default\">\n\t\t\t\t<div class=\"elementor-widget-container\">\n\t\t\t\t\t\t\t\t\t\t\t\t\t\t\t<img fetchpriority=\"high\" decoding=\"async\" width=\"2163\" height=\"495\" src=\"https:\/\/casadooriente.com.br\/wp-content\/uploads\/2023\/03\/kmot.png\" class=\"attachment-full size-full wp-image-1331\" alt=\"\" srcset=\"https:\/\/casadooriente.com.br\/wp-content\/uploads\/2023\/03\/kmot.png 2163w, https:\/\/casadooriente.com.br\/wp-content\/uploads\/2023\/03\/kmot-300x69.png 300w, https:\/\/casadooriente.com.br\/wp-content\/uploads\/2023\/03\/kmot-1024x234.png 1024w, https:\/\/casadooriente.com.br\/wp-content\/uploads\/2023\/03\/kmot-768x176.png 768w, https:\/\/casadooriente.com.br\/wp-content\/uploads\/2023\/03\/kmot-1536x352.png 1536w, https:\/\/casadooriente.com.br\/wp-content\/uploads\/2023\/03\/kmot-2048x469.png 2048w, https:\/\/casadooriente.com.br\/wp-content\/uploads\/2023\/03\/kmot-1140x261.png 1140w\" sizes=\"(max-width: 2163px) 100vw, 2163px\" \/>\t\t\t\t\t\t\t\t\t\t\t\t\t\t\t<\/div>\n\t\t\t\t<\/div>\n\t\t\t\t\t<\/div>\n\t\t<\/div>\n\t\t\t\t\t<\/div>\n\t\t<\/section>\n\t\t\t\t<section class=\"elementor-section elementor-top-section elementor-element elementor-element-0ebc791 elementor-section-boxed elementor-section-height-default elementor-section-height-default\" data-id=\"0ebc791\" data-element_type=\"section\" data-e-type=\"section\">\n\t\t\t\t\t\t<div class=\"elementor-container elementor-column-gap-default\">\n\t\t\t\t\t<div class=\"elementor-column elementor-col-100 elementor-top-column elementor-element elementor-element-8eb45df\" data-id=\"8eb45df\" data-element_type=\"column\" data-e-type=\"column\">\n\t\t\t<div class=\"elementor-widget-wrap elementor-element-populated\">\n\t\t\t\t\t\t<div class=\"elementor-element elementor-element-93c7df7 elementor-widget elementor-widget-text-editor\" data-id=\"93c7df7\" data-element_type=\"widget\" data-e-type=\"widget\" data-widget_type=\"text-editor.default\">\n\t\t\t\t<div class=\"elementor-widget-container\">\n\t\t\t\t\t\t\t\t\t<p>Conhe\u00e7a o KMOT &#8211; Krav Maga Operacional T\u00e1tico,&nbsp; KRAV MAGA na sua ess\u00eancia e intensidade de verdade como deve ser.<\/p><p><span style=\"font-family: var( --e-global-typography-text-font-family ), Sans-serif; font-weight: var( --e-global-typography-text-font-weight ); letter-spacing: 0px;\">Aqui n\u00e3o treinamos em tatames, treinamos no piso duro como na rua.&nbsp;<\/span><\/p><p><span style=\"font-family: var( --e-global-typography-text-font-family ), Sans-serif; font-weight: var( --e-global-typography-text-font-weight ); letter-spacing: 0px;\">Aqui n\u00e3o treinamos com roupas soltas e confort\u00e1veis, treinamos com cal\u00e7ado e cal\u00e7a, simulando como voc\u00ea estar\u00e1 na rua se precisar usar as t\u00e9cnicas.&nbsp;<\/span><\/p><p><span style=\"font-family: var( --e-global-typography-text-font-family ), Sans-serif; font-weight: var( --e-global-typography-text-font-weight ); letter-spacing: 0px;\">O KMOT \u00e9 um Sistema testado e aprovado por Militares, Policiais, Guardas e Seguran\u00e7as Privados.<\/span><\/p><p><span style=\"font-family: var( --e-global-typography-text-font-family ), Sans-serif; font-weight: var( --e-global-typography-text-font-weight ); letter-spacing: 0px;\">Conhe\u00e7a a Maior Escola de Krav Maga da Regi\u00e3o.<\/span><\/p><p><span style=\"font-family: var( --e-global-typography-text-font-family ), Sans-serif; font-weight: var( --e-global-typography-text-font-weight ); letter-spacing: 0px;\">A Pioneira, a mais Antiga de Novo Hamburgo. Desde 2016 ensinando Krav Maga Operacional T\u00e1tico.<\/span><\/p><p><span style=\"font-family: var( --e-global-typography-text-font-family ), Sans-serif; font-weight: var( --e-global-typography-text-font-weight ); letter-spacing: 0px;\">Mestre Sargento de Carreira do Ex\u00e9rcito.<\/span><\/p><p><span style=\"font-family: var( --e-global-typography-text-font-family ), Sans-serif; font-weight: var( --e-global-typography-text-font-weight ); letter-spacing: 0px;\">\u00danica Escola Especializada em Instru\u00e7\u00e3o de Policiais, Agentes da Susepe, Fase, Militares, Agentes de Seguran\u00e7a P\u00fablica e Privada.<\/span><\/p><p><span style=\"font-family: var( --e-global-typography-text-font-family ), Sans-serif; font-weight: var( --e-global-typography-text-font-weight ); letter-spacing: 0px;\">Krav Maga \u00e9 considerado o Sistema de Defesa Pessoal mais Avan\u00e7ado da Atualidade.<\/span><\/p><p><span style=\"font-family: var( --e-global-typography-text-font-family ), Sans-serif; font-weight: var( --e-global-typography-text-font-weight ); letter-spacing: 0px;\">Utilizado pelas For\u00e7as Militares de Israel.<\/span><\/p>\t\t\t\t\t\t\t\t<\/div>\n\t\t\t\t<\/div>\n\t\t\t\t\t<\/div>\n\t\t<\/div>\n\t\t\t\t\t<\/div>\n\t\t<\/section>\n\t\t\t\t<section class=\"elementor-section elementor-top-section elementor-element elementor-element-496f73c elementor-section-boxed elementor-section-height-default elementor-section-height-default\" data-id=\"496f73c\" data-element_type=\"section\" data-e-type=\"section\">\n\t\t\t\t\t\t<div class=\"elementor-container elementor-column-gap-default\">\n\t\t\t\t\t<div class=\"elementor-column elementor-col-33 elementor-top-column elementor-element elementor-element-7683a2c\" data-id=\"7683a2c\" data-element_type=\"column\" data-e-type=\"column\">\n\t\t\t<div class=\"elementor-widget-wrap elementor-element-populated\">\n\t\t\t\t\t\t<div class=\"elementor-element elementor-element-65c0491 elementor-widget elementor-widget-video\" data-id=\"65c0491\" data-element_type=\"widget\" data-e-type=\"widget\" data-settings=\"{&quot;youtube_url&quot;:&quot;https:\\\/\\\/www.youtube.com\\\/watch?v=GkNWNgxCbUw&quot;,&quot;video_type&quot;:&quot;youtube&quot;,&quot;controls&quot;:&quot;yes&quot;}\" data-widget_type=\"video.default\">\n\t\t\t\t<div class=\"elementor-widget-container\">\n\t\t\t\t\t\t\t<div class=\"elementor-wrapper elementor-open-inline\">\n\t\t\t<div class=\"elementor-video\"><\/div>\t\t<\/div>\n\t\t\t\t\t\t<\/div>\n\t\t\t\t<\/div>\n\t\t\t\t\t<\/div>\n\t\t<\/div>\n\t\t\t\t<div class=\"elementor-column elementor-col-33 elementor-top-column elementor-element elementor-element-6b948ca\" data-id=\"6b948ca\" data-element_type=\"column\" data-e-type=\"column\">\n\t\t\t<div class=\"elementor-widget-wrap elementor-element-populated\">\n\t\t\t\t\t\t<div class=\"elementor-element elementor-element-3d4c651 elementor-widget elementor-widget-image\" data-id=\"3d4c651\" data-element_type=\"widget\" data-e-type=\"widget\" data-widget_type=\"image.default\">\n\t\t\t\t<div class=\"elementor-widget-container\">\n\t\t\t\t\t\t\t\t\t\t\t\t\t\t\t<img decoding=\"async\" width=\"682\" height=\"384\" src=\"https:\/\/casadooriente.com.br\/wp-content\/uploads\/2021\/12\/krav-dez-2021-2.png\" class=\"attachment-large size-large wp-image-539\" alt=\"\" srcset=\"https:\/\/casadooriente.com.br\/wp-content\/uploads\/2021\/12\/krav-dez-2021-2.png 682w, https:\/\/casadooriente.com.br\/wp-content\/uploads\/2021\/12\/krav-dez-2021-2-300x169.png 300w\" sizes=\"(max-width: 682px) 100vw, 682px\" \/>\t\t\t\t\t\t\t\t\t\t\t\t\t\t\t<\/div>\n\t\t\t\t<\/div>\n\t\t\t\t\t<\/div>\n\t\t<\/div>\n\t\t\t\t<div class=\"elementor-column elementor-col-33 elementor-top-column elementor-element elementor-element-00e61c3\" data-id=\"00e61c3\" data-element_type=\"column\" data-e-type=\"column\">\n\t\t\t<div class=\"elementor-widget-wrap elementor-element-populated\">\n\t\t\t\t\t\t<div class=\"elementor-element elementor-element-9699a6a elementor-widget elementor-widget-video\" data-id=\"9699a6a\" data-element_type=\"widget\" data-e-type=\"widget\" data-settings=\"{&quot;youtube_url&quot;:&quot;https:\\\/\\\/www.youtube.com\\\/watch?v=hdAPfPfpCWA&quot;,&quot;video_type&quot;:&quot;youtube&quot;,&quot;controls&quot;:&quot;yes&quot;}\" data-widget_type=\"video.default\">\n\t\t\t\t<div class=\"elementor-widget-container\">\n\t\t\t\t\t\t\t<div class=\"elementor-wrapper elementor-open-inline\">\n\t\t\t<div class=\"elementor-video\"><\/div>\t\t<\/div>\n\t\t\t\t\t\t<\/div>\n\t\t\t\t<\/div>\n\t\t\t\t\t<\/div>\n\t\t<\/div>\n\t\t\t\t\t<\/div>\n\t\t<\/section>\n\t\t\t\t<section class=\"elementor-section elementor-top-section elementor-element elementor-element-2b8e4ab elementor-section-boxed elementor-section-height-default elementor-section-height-default\" data-id=\"2b8e4ab\" data-element_type=\"section\" data-e-type=\"section\">\n\t\t\t\t\t\t<div class=\"elementor-container elementor-column-gap-default\">\n\t\t\t\t\t<div class=\"elementor-column elementor-col-100 elementor-top-column elementor-element elementor-element-837680a\" data-id=\"837680a\" data-element_type=\"column\" data-e-type=\"column\">\n\t\t\t<div class=\"elementor-widget-wrap elementor-element-populated\">\n\t\t\t\t\t\t<div class=\"elementor-element elementor-element-4e1ec47 elementor-widget elementor-widget-spacer\" data-id=\"4e1ec47\" data-element_type=\"widget\" data-e-type=\"widget\" data-widget_type=\"spacer.default\">\n\t\t\t\t<div class=\"elementor-widget-container\">\n\t\t\t\t\t\t\t<div class=\"elementor-spacer\">\n\t\t\t<div class=\"elementor-spacer-inner\"><\/div>\n\t\t<\/div>\n\t\t\t\t\t\t<\/div>\n\t\t\t\t<\/div>\n\t\t\t\t<div class=\"elementor-element elementor-element-ffbee39 elementor-widget elementor-widget-image\" data-id=\"ffbee39\" data-element_type=\"widget\" data-e-type=\"widget\" data-settings=\"{&quot;_animation&quot;:&quot;none&quot;}\" data-widget_type=\"image.default\">\n\t\t\t\t<div class=\"elementor-widget-container\">\n\t\t\t\t\t\t\t\t\t\t\t\t\t\t\t\t<a href=\"http:\/\/api.whatsapp.com\/send?1=pt_BR&#038;phone=5551982492000\" target=\"_blank\">\n\t\t\t\t\t\t\t<img decoding=\"async\" width=\"768\" height=\"61\" src=\"https:\/\/casadooriente.com.br\/wp-content\/uploads\/2023\/03\/CLIQUEAQUI02-1-768x61.png\" class=\"attachment-medium_large size-medium_large wp-image-1096\" alt=\"\" srcset=\"https:\/\/casadooriente.com.br\/wp-content\/uploads\/2023\/03\/CLIQUEAQUI02-1-768x61.png 768w, https:\/\/casadooriente.com.br\/wp-content\/uploads\/2023\/03\/CLIQUEAQUI02-1-300x24.png 300w, https:\/\/casadooriente.com.br\/wp-content\/uploads\/2023\/03\/CLIQUEAQUI02-1-1024x82.png 1024w, https:\/\/casadooriente.com.br\/wp-content\/uploads\/2023\/03\/CLIQUEAQUI02-1-1536x123.png 1536w, https:\/\/casadooriente.com.br\/wp-content\/uploads\/2023\/03\/CLIQUEAQUI02-1-2048x164.png 2048w, https:\/\/casadooriente.com.br\/wp-content\/uploads\/2023\/03\/CLIQUEAQUI02-1-1140x91.png 1140w\" sizes=\"(max-width: 768px) 100vw, 768px\" \/>\t\t\t\t\t\t\t\t<\/a>\n\t\t\t\t\t\t\t\t\t\t\t\t\t\t\t<\/div>\n\t\t\t\t<\/div>\n\t\t\t\t\t<\/div>\n\t\t<\/div>\n\t\t\t\t\t<\/div>\n\t\t<\/section>\n\t\t\t\t<\/div>\n\t\t","protected":false},"excerpt":{"rendered":"<p>Krav Maga Operacional T\u00e1tico Conhe\u00e7a o KMOT &#8211; Krav Maga Operacional T\u00e1tico,&nbsp; KRAV MAGA na sua ess\u00eancia e intensidade de verdade como deve ser. Aqui n\u00e3o treinamos em tatames, treinamos no piso duro como na rua.&nbsp; Aqui n\u00e3o treinamos com roupas soltas e confort\u00e1veis, treinamos com cal\u00e7ado e cal\u00e7a, simulando como voc\u00ea estar\u00e1 na rua se precisar usar as t\u00e9cnicas.&nbsp; O KMOT \u00e9 um Sistema testado e aprovado por Militares, Policiais, Guardas e Seguran\u00e7as Privados. Conhe\u00e7a a Maior Escola de Krav Maga da Regi\u00e3o. A Pioneira, a mais Antiga de Novo Hamburgo. Desde 2016 ensinando Krav Maga Operacional T\u00e1tico. Mestre Sargento de Carreira do Ex\u00e9rcito. \u00danica Escola Especializada em Instru\u00e7\u00e3o de Policiais, Agentes da Susepe, Fase, Militares, Agentes de Seguran\u00e7a P\u00fablica e Privada. Krav Maga \u00e9 considerado o Sistema de Defesa Pessoal mais Avan\u00e7ado da Atualidade. Utilizado pelas For\u00e7as Militares de Israel. https:\/\/www.youtube.com\/watch?v=GkNWNgxCbUw<\/p>\n","protected":false},"author":1,"featured_media":0,"parent":0,"menu_order":0,"comment_status":"closed","ping_status":"closed","template":"","meta":{"_eb_attr":"","footnotes":""},"class_list":["post-376","page","type-page","status-publish","hentry"],"_links":{"self":[{"href":"https:\/\/casadooriente.com.br\/index.php?rest_route=\/wp\/v2\/pages\/376","targetHints":{"allow":["GET"]}}],"collection":[{"href":"https:\/\/casadooriente.com.br\/index.php?rest_route=\/wp\/v2\/pages"}],"about":[{"href":"https:\/\/casadooriente.com.br\/index.php?rest_route=\/wp\/v2\/types\/page"}],"author":[{"embeddable":true,"href":"https:\/\/casadooriente.com.br\/index.php?rest_route=\/wp\/v2\/users\/1"}],"replies":[{"embeddable":true,"href":"https:\/\/casadooriente.com.br\/index.php?rest_route=%2Fwp%2Fv2%2Fcomments&post=376"}],"version-history":[{"count":57,"href":"https:\/\/casadooriente.com.br\/index.php?rest_route=\/wp\/v2\/pages\/376\/revisions"}],"predecessor-version":[{"id":1393,"href":"https:\/\/casadooriente.com.br\/index.php?rest_route=\/wp\/v2\/pages\/376\/revisions\/1393"}],"wp:attachment":[{"href":"https:\/\/casadooriente.com.br\/index.php?rest_route=%2Fwp%2Fv2%2Fmedia&parent=376"}],"curies":[{"name":"wp","href":"https:\/\/api.w.org\/{rel}","templated":true}]}}